{"id":2540,"date":"2018-07-31T12:12:38","date_gmt":"2018-07-31T10:12:38","guid":{"rendered":"http:\/\/isdsp.it\/?page_id=2540"},"modified":"2018-07-31T12:12:38","modified_gmt":"2018-07-31T10:12:38","slug":"phytogyn","status":"publish","type":"page","link":"https:\/\/isdsp.it\/fr\/phytogyn\/","title":{"rendered":"Phytogyn"},"content":{"rendered":"<p>[et_pb_section bb_built=\u00a0\u00bb1&Prime;][et_pb_row][et_pb_column type=\u00a0\u00bb4_4&Prime;][et_pb_text _builder_version=\u00a0\u00bb3.9&Prime;]<\/p>\n<h1 class=\"entry-title main_title\">Phytogyn<\/h1>\n<p>Phytogyn a int\u00e9gr\u00e9 le monde de l&rsquo;\u00e9dition destin\u00e9 la communaut\u00e9 scientifique en 2010, devenant l&rsquo;Organe officiel de la Soci\u00e9t\u00e9 italienne de phytoth\u00e9rapie et de compl\u00e9ments alimentaires en obst\u00e9trique et gyn\u00e9cologie (Sifiog \u2013 Societ\u00e0 Italiana di Fitoterapia ed Integratori in Ostetricia e Ginecologia), un point de r\u00e9f\u00e9rence pour les m\u00e9decins, les biologistes et les chercheurs souhaitant approfondir l&rsquo;\u00e9tude et les effets de la phytoth\u00e9rapie et des compl\u00e9ments alimentaires sur la sant\u00e9 des personnes. Le projet \u00e9ditorial organis\u00e9 par Vittorio Unfer et Fabio Facchinetti s&rsquo;est toujours distingu\u00e9 par son engagement dans la diffusion de r\u00e9sultats scientifiques, en promouvant et diffusant des \u00e9tudes, des recherches, des analyses approfondies, mais aussi des r\u00e9flexions sur le secteur des compl\u00e9ments alimentaires et des dispositifs m\u00e9dicaux. Suite au succ\u00e8s de Phytogyn et \u00e0 l&rsquo;occasion du 10\u00e8me anniversaire de la Sifiog qui est devenue une Association Internationale, l&rsquo;ISDSP lance une nouvelle revue scientifique, <a href=\"https:\/\/www.isdsp.it\/fr\/phitogynecea\/\">Phitogynecea<\/a>, un trimestriel sur le monde de la nutrition et de la phytoth\u00e9rapie.<\/p>\n<p>[\/et_pb_text][\/et_pb_column][\/et_pb_row][et_pb_row][et_pb_column type=\u00a0\u00bb1_3&Prime;][et_pb_text _builder_version=\u00a0\u00bb3.7&Prime;]<\/p>\n<h2>PHYTOGYN VOLUME II &#8211; N. 2 (APRILE-GIUGNO) 2011<\/h2>\n<p>[\/et_pb_text][et_pb_text admin_label=\u00a0\u00bbvOL 2 2011&Prime; _builder_version=\u00a0\u00bb3.7&Prime;]<\/p>\n<a href=\"https:\/\/www.isdsp.it\/wp-content\/uploads\/2018\/07\/Phytogyn-2_2011-ok-1.pdf\" class=\"pdfemb-viewer\" style=\"\" data-width=\"max\" data-height=\"max\"  data-toolbar=\"bottom\" data-toolbar-fixed=\"off\">Phytogyn-2_2011-ok-1<br\/><\/a>\n<p>[\/et_pb_text][\/et_pb_column][et_pb_column type=\u00a0\u00bb1_3&Prime;][et_pb_text _builder_version=\u00a0\u00bb3.7&Prime;]<\/p>\n<h2>PHYTOGYN VOLUME I &#8211; N. 3 &#8211; 2010<\/h2>\n<p>[\/et_pb_text][et_pb_text admin_label=\u00a0\u00bbvOL 3 2010&Prime; _builder_version=\u00a0\u00bb3.7&Prime;]<\/p>\n<a href=\"https:\/\/www.isdsp.it\/wp-content\/uploads\/2018\/07\/Phytogyn-3_2010.pdf\" class=\"pdfemb-viewer\" style=\"\" data-width=\"max\" data-height=\"max\"  data-toolbar=\"bottom\" data-toolbar-fixed=\"off\">Phytogyn-3_2010<br\/><\/a>\n<p>[\/et_pb_text][\/et_pb_column][et_pb_column type=\u00a0\u00bb1_3&Prime;][et_pb_text _builder_version=\u00a0\u00bb3.7&Prime;]<\/p>\n<h2>PHYTOGYN VOLUME I &#8211; N. 2 &#8211; 2010<\/h2>\n<p>[\/et_pb_text][et_pb_text admin_label=\u00a0\u00bbvOL2 2010&Prime; _builder_version=\u00a0\u00bb3.7&Prime;]<\/p>\n<a href=\"https:\/\/www.isdsp.it\/wp-content\/uploads\/2018\/07\/Phytogyn-2_2010.pdf\" class=\"pdfemb-viewer\" style=\"\" data-width=\"max\" data-height=\"max\"  data-toolbar=\"bottom\" data-toolbar-fixed=\"off\">Phytogyn-2_2010<br\/><\/a>\n<p>[\/et_pb_text][\/et_pb_column][\/et_pb_row][et_pb_row][et_pb_column type=\u00a0\u00bb1_3&Prime;][et_pb_text _builder_version=\u00a0\u00bb3.7&Prime;]<\/p>\n<h2>PHYTOGYN VOLUME I &#8211; N. 1 &#8211; 2010<\/h2>\n<p>[\/et_pb_text][et_pb_text admin_label=\u00a0\u00bbvOL1 2010&Prime; _builder_version=\u00a0\u00bb3.7&Prime;]<\/p>\n<a href=\"https:\/\/www.isdsp.it\/wp-content\/uploads\/2018\/07\/Phytogyn-1_2010.pdf\" class=\"pdfemb-viewer\" style=\"\" data-width=\"max\" data-height=\"max\"  data-toolbar=\"bottom\" data-toolbar-fixed=\"off\">Phytogyn-1_2010<br\/><\/a>\n<p>[\/et_pb_text][\/et_pb_column][et_pb_column type=\u00a0\u00bb1_3&Prime;][et_pb_text _builder_version=\u00a0\u00bb3.7&Prime;]<\/p>\n<h2>SUPPLEMENTO AL VOLUME XXXI N. 8\/9 &#8211; 2009<\/h2>\n<p>[\/et_pb_text][et_pb_text admin_label=\u00a0\u00bbPDF 2009&Prime; _builder_version=\u00a0\u00bb3.7&Prime;]<\/p>\n<a href=\"https:\/\/www.isdsp.it\/wp-content\/uploads\/2018\/07\/Phytogyn-1_2009_supplemento.pdf\" class=\"pdfemb-viewer\" style=\"\" data-width=\"max\" data-height=\"max\"  data-toolbar=\"bottom\" data-toolbar-fixed=\"off\">Phytogyn-1_2009_supplemento<br\/><\/a>\n<p>[\/et_pb_text][\/et_pb_column][et_pb_column type=\u00a0\u00bb1_3&Prime;][\/et_pb_column][\/et_pb_row][\/et_pb_section]<\/p>\n","protected":false},"excerpt":{"rendered":"<p><div class=\"et_pb_row et_pb_row_0 et_pb_row_empty\">\n\t\t\t\t\n\t\t\t\t\n\t\t\t\t\n\t\t\t\t\n\t\t\t\t\n\t\t\t<\/div> Phytogyn Phytogyn a int\u00e9gr\u00e9 le monde de l&rsquo;\u00e9dition destin\u00e9 la communaut\u00e9 scientifique en 2010, devenant l&rsquo;Organe officiel de la Soci\u00e9t\u00e9 italienne de phytoth\u00e9rapie et de compl\u00e9ments alimentaires en obst\u00e9trique et gyn\u00e9cologie (Sifiog \u2013 Societ\u00e0 Italiana di Fitoterapia ed Integratori in Ostetricia e Ginecologia), un point de r\u00e9f\u00e9rence pour les m\u00e9decins, les biologistes et les [&hellip;]<\/p>\n","protected":false},"author":1,"featured_media":0,"parent":0,"menu_order":0,"comment_status":"closed","ping_status":"closed","template":"","meta":{"_et_pb_use_builder":"on","_et_pb_old_content":"","_et_gb_content_width":""},"_links":{"self":[{"href":"https:\/\/isdsp.it\/fr\/wp-json\/wp\/v2\/pages\/2540"}],"collection":[{"href":"https:\/\/isdsp.it\/fr\/wp-json\/wp\/v2\/pages"}],"about":[{"href":"https:\/\/isdsp.it\/fr\/wp-json\/wp\/v2\/types\/page"}],"author":[{"embeddable":true,"href":"https:\/\/isdsp.it\/fr\/wp-json\/wp\/v2\/users\/1"}],"replies":[{"embeddable":true,"href":"https:\/\/isdsp.it\/fr\/wp-json\/wp\/v2\/comments?post=2540"}],"version-history":[{"count":2,"href":"https:\/\/isdsp.it\/fr\/wp-json\/wp\/v2\/pages\/2540\/revisions"}],"predecessor-version":[{"id":2543,"href":"https:\/\/isdsp.it\/fr\/wp-json\/wp\/v2\/pages\/2540\/revisions\/2543"}],"wp:attachment":[{"href":"https:\/\/isdsp.it\/fr\/wp-json\/wp\/v2\/media?parent=2540"}],"curies":[{"name":"wp","href":"https:\/\/api.w.org\/{rel}","templated":true}]}}