{"id":2536,"date":"2018-07-31T11:58:53","date_gmt":"2018-07-31T09:58:53","guid":{"rendered":"http:\/\/isdsp.it\/?page_id=2536"},"modified":"2018-07-31T11:58:53","modified_gmt":"2018-07-31T09:58:53","slug":"ijmdat","status":"publish","type":"page","link":"https:\/\/isdsp.it\/fr\/ijmdat\/","title":{"rendered":"IJMDAT"},"content":{"rendered":"<p>[et_pb_section bb_built=\u00a0\u00bb1&Prime;][et_pb_row][et_pb_column type=\u00a0\u00bb3_4&Prime;][et_pb_text _builder_version=\u00a0\u00bb3.9&Prime;]<\/p>\n<h1 class=\"entry-title main_title\">International Journal of Medical Device and Adjuvant Treatments<\/h1>\n<p>[\/et_pb_text][\/et_pb_column][et_pb_column type=\u00a0\u00bb1_4&Prime;][\/et_pb_column][\/et_pb_row][et_pb_row][et_pb_column type=\u00a0\u00bb2_3&Prime;][et_pb_text _builder_version=\u00a0\u00bb3.9&Prime;]<\/p>\n<p>L\u2019<a href=\"http:\/\/www.ijmdat.com\/\" rel=\"noopener\" target=\"_blank\"> International Journal of Medical Device and Adjuvant Treatments<\/a> est une revue trimestrielle destin\u00e9e \u00e0 la communaut\u00e9 m\u00e9dicale. Elle publie les derniers r\u00e9sultats de recherche clinique et fondamentale (recherche fondamentale, pr\u00e9vention, sant\u00e9 publique, aspects pharmacologiques et pharmacog\u00e9nomiques, traitements, innovations concernant le diagnostic, pathologies et \u00e9tudes pr\u00e9cliniques et cliniques), li\u00e9s \u00e0 l&rsquo;utilisation et au d\u00e9veloppement de dispositifs m\u00e9dicaux et de traitements adjuvants.<\/p>\n<p>[\/et_pb_text][\/et_pb_column][et_pb_column type=\u00a0\u00bb1_3&Prime;][et_pb_image _builder_version=\u00a0\u00bb3.9&Prime; src=\u00a0\u00bbhttps:\/\/www.isdsp.it\/wp-content\/uploads\/2018\/07\/IJMDAT.jpg\u00a0\u00bb url=\u00a0\u00bbhttp:\/\/www.ijmdat.com\/\u00a0\u00bb url_new_window=\u00a0\u00bbon\u00a0\u00bb border_width_all=\u00a0\u00bb1px\u00a0\u00bb \/][\/et_pb_column][\/et_pb_row][\/et_pb_section]<\/p>\n","protected":false},"excerpt":{"rendered":"<p><div class=\"et_pb_row et_pb_row_0 et_pb_row_empty\">\n\t\t\t\t\n\t\t\t\t\n\t\t\t\t\n\t\t\t\t\n\t\t\t\t\n\t\t\t<\/div> International Journal of Medical Device and Adjuvant Treatments <div class=\"et_pb_row et_pb_row_1 et_pb_row_empty\">\n\t\t\t\t\n\t\t\t\t\n\t\t\t\t\n\t\t\t\t\n\t\t\t\t\n\t\t\t<\/div> L\u2019 International Journal of Medical Device and Adjuvant Treatments est une revue trimestrielle destin\u00e9e \u00e0 la communaut\u00e9 m\u00e9dicale. Elle publie les derniers r\u00e9sultats de recherche clinique et fondamentale (recherche fondamentale, pr\u00e9vention, sant\u00e9 publique, aspects pharmacologiques et pharmacog\u00e9nomiques, traitements, innovations concernant le diagnostic, pathologies et \u00e9tudes [&hellip;]<\/p>\n","protected":false},"author":1,"featured_media":0,"parent":0,"menu_order":0,"comment_status":"closed","ping_status":"closed","template":"","meta":{"_et_pb_use_builder":"on","_et_pb_old_content":"","_et_gb_content_width":""},"_links":{"self":[{"href":"https:\/\/isdsp.it\/fr\/wp-json\/wp\/v2\/pages\/2536"}],"collection":[{"href":"https:\/\/isdsp.it\/fr\/wp-json\/wp\/v2\/pages"}],"about":[{"href":"https:\/\/isdsp.it\/fr\/wp-json\/wp\/v2\/types\/page"}],"author":[{"embeddable":true,"href":"https:\/\/isdsp.it\/fr\/wp-json\/wp\/v2\/users\/1"}],"replies":[{"embeddable":true,"href":"https:\/\/isdsp.it\/fr\/wp-json\/wp\/v2\/comments?post=2536"}],"version-history":[{"count":2,"href":"https:\/\/isdsp.it\/fr\/wp-json\/wp\/v2\/pages\/2536\/revisions"}],"predecessor-version":[{"id":2539,"href":"https:\/\/isdsp.it\/fr\/wp-json\/wp\/v2\/pages\/2536\/revisions\/2539"}],"wp:attachment":[{"href":"https:\/\/isdsp.it\/fr\/wp-json\/wp\/v2\/media?parent=2536"}],"curies":[{"name":"wp","href":"https:\/\/api.w.org\/{rel}","templated":true}]}}