{"id":2531,"date":"2018-07-31T11:56:31","date_gmt":"2018-07-31T09:56:31","guid":{"rendered":"http:\/\/isdsp.it\/?page_id=2531"},"modified":"2018-07-31T11:56:31","modified_gmt":"2018-07-31T09:56:31","slug":"phitogynecea","status":"publish","type":"page","link":"https:\/\/isdsp.it\/fr\/phitogynecea\/","title":{"rendered":"Phitogynecea"},"content":{"rendered":"<p>[et_pb_section bb_built=\u00a0\u00bb1&Prime; _builder_version=\u00a0\u00bb3.0.47&Prime;][et_pb_row _builder_version=\u00a0\u00bb3.0.48&Prime; background_size=\u00a0\u00bbinitial\u00a0\u00bb background_position=\u00a0\u00bbtop_left\u00a0\u00bb background_repeat=\u00a0\u00bbrepeat\u00a0\u00bb][et_pb_column type=\u00a0\u00bb4_4&Prime;][et_pb_text _builder_version=\u00a0\u00bb3.9&Prime;]<\/p>\n<h1 class=\"entry-title main_title\">Phitogynecea<\/h1>\n<p>[\/et_pb_text][\/et_pb_column][\/et_pb_row][et_pb_row _builder_version=\u00a0\u00bb3.0.48&Prime; background_size=\u00a0\u00bbinitial\u00a0\u00bb background_position=\u00a0\u00bbtop_left\u00a0\u00bb background_repeat=\u00a0\u00bbrepeat\u00a0\u00bb][et_pb_column type=\u00a0\u00bb2_3&Prime;][et_pb_text _builder_version=\u00a0\u00bb3.9&Prime;]<\/p>\n<h2>Actualit\u00e9s trimestrielles et mise \u00e0 jour sur la bonne utilisation des compl\u00e9ments alimentaire et de la phytoth\u00e9rapie<\/h2>\n<p><strong>Sujets :<\/strong> compl\u00e9ments alimentaires, phytoth\u00e9rapie, nutrition<br \/>\n<strong>R\u00e9dacteurs en chef :<\/strong> Fabio Facchinetti, Vittorio Unfer<\/p>\n<p><strong>Type:<\/strong> Magazine<br \/>\n<strong>Format:<\/strong> A4<br \/>\n<strong>Fr\u00e9quence:<\/strong> trimestrielle<\/p>\n<p><strong>Description:<\/strong><br \/>\nSp\u00e9cialis\u00e9 dans la bonne utilisation des compl\u00e9ments alimentaires et de la phytoth\u00e9rapie, <strong>Phitogynecea est un magazine scientifique qui traite et approfondit, de mani\u00e8re extr\u00eamement moderne, certains sujets d&rsquo;actualit\u00e9 li\u00e9s \u00e0 l&rsquo;importance de la nutrition dans le domaine m\u00e9dical.<\/strong> De la gyn\u00e9cologie \u00e0 l&rsquo;endocrinologie, en passant par la di\u00e9t\u00e9tique, Phitogynecea alterne les interviews de m\u00e9decins sp\u00e9cialis\u00e9s, d&rsquo;\u00e9minents leaders d&rsquo;opinion, se positionnant \u00e0 la fois comme journal r\u00e9f\u00e9rence et comme mati\u00e8re \u00e0 r\u00e9flexion pour les lecteurs. Phitogynecea pr\u00e9sente \u00e9galement, par le biais d&rsquo;inserts sp\u00e9ciaux, les congr\u00e8s nationaux et internationaux les plus importants organis\u00e9s au cours de l&rsquo;ann\u00e9e.<\/p>\n<p>[\/et_pb_text][\/et_pb_column][et_pb_column type=\u00a0\u00bb1_3&Prime;][et_pb_image src=\u00a0\u00bbhttps:\/\/www.isdsp.it\/wp-content\/uploads\/2018\/06\/PHITOGYNECEA-copertina.jpg\u00a0\u00bb show_in_lightbox=\u00a0\u00bbon\u00a0\u00bb _builder_version=\u00a0\u00bb3.7&Prime; border_width_all=\u00a0\u00bb1px\u00a0\u00bb \/][\/et_pb_column][\/et_pb_row][\/et_pb_section]<\/p>\n","protected":false},"excerpt":{"rendered":"<p>Phitogynecea Actualit\u00e9s trimestrielles et mise \u00e0 jour sur la bonne utilisation des compl\u00e9ments alimentaire et de la phytoth\u00e9rapie Sujets : compl\u00e9ments alimentaires, phytoth\u00e9rapie, nutrition R\u00e9dacteurs en chef : Fabio Facchinetti, Vittorio Unfer Type: Magazine Format: A4 Fr\u00e9quence: trimestrielle Description: Sp\u00e9cialis\u00e9 dans la bonne utilisation des compl\u00e9ments alimentaires et de la phytoth\u00e9rapie, Phitogynecea est un magazine [&hellip;]<\/p>\n","protected":false},"author":1,"featured_media":0,"parent":0,"menu_order":0,"comment_status":"closed","ping_status":"closed","template":"","meta":{"_et_pb_use_builder":"on","_et_pb_old_content":"","_et_gb_content_width":""},"_links":{"self":[{"href":"https:\/\/isdsp.it\/fr\/wp-json\/wp\/v2\/pages\/2531"}],"collection":[{"href":"https:\/\/isdsp.it\/fr\/wp-json\/wp\/v2\/pages"}],"about":[{"href":"https:\/\/isdsp.it\/fr\/wp-json\/wp\/v2\/types\/page"}],"author":[{"embeddable":true,"href":"https:\/\/isdsp.it\/fr\/wp-json\/wp\/v2\/users\/1"}],"replies":[{"embeddable":true,"href":"https:\/\/isdsp.it\/fr\/wp-json\/wp\/v2\/comments?post=2531"}],"version-history":[{"count":3,"href":"https:\/\/isdsp.it\/fr\/wp-json\/wp\/v2\/pages\/2531\/revisions"}],"predecessor-version":[{"id":2535,"href":"https:\/\/isdsp.it\/fr\/wp-json\/wp\/v2\/pages\/2531\/revisions\/2535"}],"wp:attachment":[{"href":"https:\/\/isdsp.it\/fr\/wp-json\/wp\/v2\/media?parent=2531"}],"curies":[{"name":"wp","href":"https:\/\/api.w.org\/{rel}","templated":true}]}}