{"id":2528,"date":"2018-07-31T11:46:01","date_gmt":"2018-07-31T09:46:01","guid":{"rendered":"http:\/\/isdsp.it\/?page_id=2528"},"modified":"2018-07-31T11:46:01","modified_gmt":"2018-07-31T09:46:01","slug":"pourquoi-adherer","status":"publish","type":"page","link":"https:\/\/isdsp.it\/fr\/pourquoi-adherer\/","title":{"rendered":"Pourquoi adh\u00e9rer"},"content":{"rendered":"<p>[et_pb_section bb_built=\u00a0\u00bb1&Prime; admin_label=\u00a0\u00bbsection\u00a0\u00bb _builder_version=\u00a0\u00bb3.0.47&Prime;][et_pb_row admin_label=\u00a0\u00bbrow\u00a0\u00bb _builder_version=\u00a0\u00bb3.7&Prime; background_size=\u00a0\u00bbinitial\u00a0\u00bb background_position=\u00a0\u00bbtop_left\u00a0\u00bb background_repeat=\u00a0\u00bbrepeat\u00a0\u00bb][et_pb_column type=\u00a0\u00bb4_4&Prime;][et_pb_text _builder_version=\u00a0\u00bb3.9&Prime; background_size=\u00a0\u00bbinitial\u00a0\u00bb background_position=\u00a0\u00bbtop_left\u00a0\u00bb background_repeat=\u00a0\u00bbrepeat\u00a0\u00bb]<\/p>\n<h1 class=\"entry-title main_title\">Pourquoi adh\u00e9rer<\/h1>\n<p><strong>L&rsquo;ISDSP est l&rsquo;une des premi\u00e8res associations au monde \u00e0 int\u00e9grer toutes les disciplines impliqu\u00e9es dans la diffusion des connaissances sur la bonne utilisation des compl\u00e9ments alimentaires et des produits de phytoth\u00e9rapie dans l&rsquo;alimentation, la sant\u00e9 et la m\u00e9decine.<\/strong><\/p>\n<p><strong>L&rsquo;ISDSP offre \u00e0 ses Membres une opportunit\u00e9 de r\u00e9seautage unique,<\/strong> en particulier gr\u00e2ce aux nombreuses activit\u00e9s et \u00e9v\u00e9nements qui sont organis\u00e9s chaque ann\u00e9e, notamment :<\/p>\n<p>a) le Congr\u00e8s international annuel ;<br \/>\nb) des s\u00e9minaires et des cours d&rsquo;information-\u00e9ducation sur des sujets li\u00e9s au secteur de la nutrition et de la phytoth\u00e9rapie, organis\u00e9s avec le soutien de repr\u00e9sentants r\u00e9gionaux ;<br \/>\nc) la cr\u00e9ation de groupes d&rsquo;\u00e9tude sur des sujets correspondant aux domaines de l&rsquo;Association ; et<br \/>\nd) la promotion et la diffusion de donn\u00e9es et de nouvelles informations par le biais de publications scientifiques, d&rsquo;une lettre d&rsquo;information et du site Internet officiel de l&rsquo;ISDSP.<\/p>\n<p>Tout professionnel partageant et soutenant les objectifs de l&rsquo;Association, et souhaitant en faire partie, peut demander \u00e0 adh\u00e9rer afin de b\u00e9n\u00e9ficier de nombreux avantages, tels que la lettre d&rsquo;information sur les \u00e9v\u00e9nements de l&rsquo;Association et l&rsquo;abonnement gratuit \u00e0 la revue scientifique Phitogynecea.<\/p>\n<p>[\/et_pb_text][\/et_pb_column][\/et_pb_row][et_pb_row _builder_version=\u00a0\u00bb3.7&Prime;][et_pb_column type=\u00a0\u00bb4_4&Prime;][et_pb_button button_url=\u00a0\u00bb\/fr\/comment-adherer\/\u00a0\u00bb button_text=\u00a0\u00bbComment adh\u00e9rer\u00a0\u00bb _builder_version=\u00a0\u00bb3.9&Prime; custom_button=\u00a0\u00bbon\u00a0\u00bb button_text_size=\u00a0\u00bb15&Prime; button_bg_color=\u00a0\u00bb#559c32&Prime; button_border_radius=\u00a0\u00bb2&Prime; button_bg_color_hover=\u00a0\u00bb#878787&Prime; button_border_radius_hover=\u00a0\u00bb2&Prime; background_layout=\u00a0\u00bbdark\u00a0\u00bb custom_margin=\u00a0\u00bb2px||2px|\u00a0\u00bb saved_tabs=\u00a0\u00bball\u00a0\u00bb \/][\/et_pb_column][\/et_pb_row][\/et_pb_section]<\/p>\n","protected":false},"excerpt":{"rendered":"<p>Pourquoi adh\u00e9rer L&rsquo;ISDSP est l&rsquo;une des premi\u00e8res associations au monde \u00e0 int\u00e9grer toutes les disciplines impliqu\u00e9es dans la diffusion des connaissances sur la bonne utilisation des compl\u00e9ments alimentaires et des produits de phytoth\u00e9rapie dans l&rsquo;alimentation, la sant\u00e9 et la m\u00e9decine. L&rsquo;ISDSP offre \u00e0 ses Membres une opportunit\u00e9 de r\u00e9seautage unique, en particulier gr\u00e2ce aux nombreuses [&hellip;]<\/p>\n","protected":false},"author":1,"featured_media":0,"parent":0,"menu_order":0,"comment_status":"closed","ping_status":"closed","template":"","meta":{"_et_pb_use_builder":"on","_et_pb_old_content":"ISDSP is one of the first organizations worldwide to incorporate all disciplines interested in promoting the correct the use of dietary supplements and phytotherapy in the diet, health, and medicine.\r\n\r\nISDSP offers to affiliates a unique networking opportunity thanks to the organization of several activities and event, including:\r\n\r\na) the International Congress, which is held once a year in n different geographic regions of the world;\r\nb) educational courses on subjects related to dietary supplements and phytotherapy supported by Regional Contacts\r\nc) the creation of study groups on topics of particular interest;\r\nd) the promotion and dissemination of knowledge and information in scientific publications, and by newsletters and the internet via the official ISDSP's website.\r\n\r\nAny individual professional who supports the goals and purposes of the Society may become a full member of the Society by <a href=\"https:\/\/www.isdsp.it\/en\/how-to-join\/\">submitting a request<\/a>. Members will have the chance to take part of all ISDSP's activities and receive for free the scientific magazine Phitogynecea.","_et_gb_content_width":""},"_links":{"self":[{"href":"https:\/\/isdsp.it\/fr\/wp-json\/wp\/v2\/pages\/2528"}],"collection":[{"href":"https:\/\/isdsp.it\/fr\/wp-json\/wp\/v2\/pages"}],"about":[{"href":"https:\/\/isdsp.it\/fr\/wp-json\/wp\/v2\/types\/page"}],"author":[{"embeddable":true,"href":"https:\/\/isdsp.it\/fr\/wp-json\/wp\/v2\/users\/1"}],"replies":[{"embeddable":true,"href":"https:\/\/isdsp.it\/fr\/wp-json\/wp\/v2\/comments?post=2528"}],"version-history":[{"count":2,"href":"https:\/\/isdsp.it\/fr\/wp-json\/wp\/v2\/pages\/2528\/revisions"}],"predecessor-version":[{"id":2530,"href":"https:\/\/isdsp.it\/fr\/wp-json\/wp\/v2\/pages\/2528\/revisions\/2530"}],"wp:attachment":[{"href":"https:\/\/isdsp.it\/fr\/wp-json\/wp\/v2\/media?parent=2528"}],"curies":[{"name":"wp","href":"https:\/\/api.w.org\/{rel}","templated":true}]}}