{"id":2502,"date":"2018-07-31T11:11:52","date_gmt":"2018-07-31T09:11:52","guid":{"rendered":"http:\/\/isdsp.it\/?page_id=2502"},"modified":"2019-10-09T17:35:58","modified_gmt":"2019-10-09T15:35:58","slug":"conseil-administration","status":"publish","type":"page","link":"https:\/\/isdsp.it\/fr\/conseil-administration\/","title":{"rendered":"Conseil d&rsquo;administration"},"content":{"rendered":"\n<h3>Pr\u00e9sident<\/h3>\n<p><img decoding=\"async\" loading=\"lazy\" class=\"alignleft size-thumbnail wp-image-2047\" src=\"https:\/\/www.isdsp.it\/wp-content\/uploads\/2018\/07\/FACCHINETTI-150x150.jpg\" alt=\"\" width=\"100\" height=\"100\" srcset=\"https:\/\/isdsp.it\/wp-content\/uploads\/2018\/07\/FACCHINETTI-150x150.jpg 150w, https:\/\/isdsp.it\/wp-content\/uploads\/2018\/07\/FACCHINETTI.jpg 240w\" sizes=\"(max-width: 100px) 100vw, 100px\" \/><br \/><strong>Fabio Facchinetti<\/strong><br \/><em>Professore ordinario di ginecologia e ostetricia, UNIMORE, Italia<br \/>Direttore della scuola di specializzazione di ostetricia e ginecologia, UNIMORE.<\/em><br \/>\u00a0<\/p>\n<h3>Pr\u00e9sident sortant<\/h3>\n<p><img decoding=\"async\" loading=\"lazy\" class=\"alignleft size-thumbnail wp-image-2049\" src=\"https:\/\/www.isdsp.it\/wp-content\/uploads\/2018\/07\/UNFER-150x150.jpg\" alt=\"\" width=\"100\" height=\"100\" srcset=\"https:\/\/isdsp.it\/wp-content\/uploads\/2018\/07\/UNFER-150x150.jpg 150w, https:\/\/isdsp.it\/wp-content\/uploads\/2018\/07\/UNFER.jpg 240w\" sizes=\"(max-width: 100px) 100vw, 100px\" \/><br \/><strong>Vittorio Unfer<\/strong><br \/><em>Professore di ostetricia e ginecologia.<br \/>Facolt\u00e0 di medicina e psicologia. Universit\u00e0 di Roma \u00ab\u00a0La Sapienza\u00a0\u00bb<\/em><br \/>\u00a0<\/p>\n<h3>Vice-Pr\u00e9sident<\/h3>\n<p><img decoding=\"async\" loading=\"lazy\" class=\"alignleft size-full wp-image-2072\" src=\"https:\/\/www.isdsp.it\/wp-content\/uploads\/2018\/07\/costantino_2.jpg\" alt=\"\" width=\"100\" height=\"100\" \/><br \/><strong>Demetrio Costantino<\/strong><br \/><em>Medico chirurgo. specialista in ostetricia eginecologia.<br \/>\u00ab\u00a0Centro Salute Donna\u00a0\u00bb, Azienda USL, Ferrara<\/em><br \/>\u00a0<\/p>\n<h3>Secr\u00e9taire g\u00e9n\u00e9ral<\/h3>\n<p><img decoding=\"async\" loading=\"lazy\" class=\"alignleft size-thumbnail wp-image-2054\" src=\"https:\/\/www.isdsp.it\/wp-content\/uploads\/2018\/07\/DEGRANO-150x150.jpg\" alt=\"\" width=\"100\" height=\"100\" srcset=\"https:\/\/isdsp.it\/wp-content\/uploads\/2018\/07\/DEGRANO-150x150.jpg 150w, https:\/\/isdsp.it\/wp-content\/uploads\/2018\/07\/DEGRANO.jpg 160w\" sizes=\"(max-width: 100px) 100vw, 100px\" \/><br \/><strong>Francesco De Grano<\/strong><br \/><em>Dottore in Economia e Commercio<br \/>Universit\u00e0 di Roma \u00ab\u00a0La Sapienza\u00a0\u00bb<\/em><br \/>\u00a0<\/p>\n<h3>Tr\u00e9sorier<\/h3>\n<p><img decoding=\"async\" loading=\"lazy\" class=\"alignleft size-thumbnail wp-image-2056\" src=\"https:\/\/www.isdsp.it\/wp-content\/uploads\/2018\/07\/POMPEI-150x150.jpg\" alt=\"\" width=\"100\" height=\"100\" srcset=\"https:\/\/isdsp.it\/wp-content\/uploads\/2018\/07\/POMPEI-150x150.jpg 150w, https:\/\/isdsp.it\/wp-content\/uploads\/2018\/07\/POMPEI.jpg 240w\" sizes=\"(max-width: 100px) 100vw, 100px\" \/><br \/><strong>Fabio Pompei<\/strong><br \/><em>Dottore Commercialista<br \/>Roma<\/em><br \/>\u00a0<\/p>\n<h2 style=\"color: #559c32;\">Conseil international<\/h2>\n<p>\u00a0<\/p>\n<p><img decoding=\"async\" loading=\"lazy\" class=\"alignleft size-thumbnail wp-image-2086\" src=\"https:\/\/www.isdsp.it\/wp-content\/uploads\/2018\/07\/MESSINA-150x150.jpg\" alt=\"\" width=\"100\" height=\"100\" srcset=\"https:\/\/isdsp.it\/wp-content\/uploads\/2018\/07\/MESSINA-150x150.jpg 150w, https:\/\/isdsp.it\/wp-content\/uploads\/2018\/07\/MESSINA-300x300.jpg 300w, https:\/\/isdsp.it\/wp-content\/uploads\/2018\/07\/MESSINA.jpg 400w\" sizes=\"(max-width: 100px) 100vw, 100px\" \/><strong>Mark Messina<\/strong><br \/><em>Professore Associato presso Loma Linda University;<br \/>Direttore Esecutivo del Soy Nutrition Institute<br \/>Californie (USA)<\/em><br \/>\u00a0<\/p>\n<p><img decoding=\"async\" loading=\"lazy\" class=\"alignleft size-thumbnail wp-image-2095\" src=\"https:\/\/www.isdsp.it\/wp-content\/uploads\/2018\/07\/FLORA-150x150.jpg\" alt=\"\" width=\"100\" height=\"100\" srcset=\"https:\/\/isdsp.it\/wp-content\/uploads\/2018\/07\/FLORA-150x150.jpg 150w, https:\/\/isdsp.it\/wp-content\/uploads\/2018\/07\/FLORA.jpg 250w\" sizes=\"(max-width: 100px) 100vw, 100px\" \/><strong>S.J.S. Flora<\/strong><br \/>Direttore presso il National Institute of Pharmaceutical Education and Research<br \/><em>Lucknow, Inde<\/em><br \/>\u00a0<\/p>\n<p><img decoding=\"async\" loading=\"lazy\" class=\"alignleft size-thumbnail wp-image-2098\" src=\"https:\/\/www.isdsp.it\/wp-content\/uploads\/2018\/07\/BARTHO-150x150.jpg\" alt=\"\" width=\"100\" height=\"100\" srcset=\"https:\/\/isdsp.it\/wp-content\/uploads\/2018\/07\/BARTHO-150x150.jpg 150w, https:\/\/isdsp.it\/wp-content\/uploads\/2018\/07\/BARTHO-300x298.jpg 300w, https:\/\/isdsp.it\/wp-content\/uploads\/2018\/07\/BARTHO.jpg 363w\" sizes=\"(max-width: 100px) 100vw, 100px\" \/><strong>J\u00falia Szekeres Barth\u00f3<\/strong><br \/><em>Presidente del Dipartimento di microbiologia medica e immunologia,<br \/>Universit\u00e0 di P\u00e9cs,<br \/>Hongrie<\/em><br \/>\u00a0<\/p>\n<p><img decoding=\"async\" loading=\"lazy\" class=\"alignleft size-full wp-image-2105\" src=\"https:\/\/www.isdsp.it\/wp-content\/uploads\/2018\/07\/Vaishali_Agte.jpg\" alt=\"\" width=\"100\" height=\"100\" \/><strong>Vaishali Vilas Agte<\/strong><br \/><em>Dottoressa in Biochimica e Nutrizione, Agharkar Research Institute<br \/>CEO, Innova Foods<br \/>Inde<\/em><br \/>\u00a0<\/p>\n<p><img decoding=\"async\" loading=\"lazy\" class=\"alignleft size-full wp-image-2105\" src=\"https:\/\/www.isdsp.it\/wp-content\/uploads\/2019\/01\/imelda.jpg\" alt=\"\" width=\"100\" height=\"100\" \/><strong>Imelda Hern\u00e1ndez Mar\u00edn<\/strong><br \/><em>Ginecolog\u00eda endocrina&amp;menopausia<br \/>Mexique<\/em><br \/>\u00a0<\/p>\n<\/br>\n<p><img decoding=\"async\" loading=\"lazy\" class=\"alignleft size-full wp-image-2105\" src=\"https:\/\/www.isdsp.it\/wp-content\/uploads\/2019\/10\/Kamenov-1.jpg\" alt=\"\" width=\"100\" height=\"100\"><strong>Professor Zdravko Kamenov<\/strong><br><em>Clinic of Endocrinology, Alexandrovska University Hospital, Medical University, Sofia, Bulgaria<br>Bulgaria<\/em><br>&nbsp;<\/p><\/br>\n","protected":false},"excerpt":{"rendered":"<p>Pr\u00e9sident Fabio FacchinettiProfessore ordinario di ginecologia e ostetricia, UNIMORE, ItaliaDirettore della scuola di specializzazione di ostetricia e ginecologia, UNIMORE.\u00a0 Pr\u00e9sident sortant Vittorio UnferProfessore di ostetricia e ginecologia.Facolt\u00e0 di medicina e psicologia. Universit\u00e0 di Roma \u00ab\u00a0La Sapienza\u00a0\u00bb\u00a0 Vice-Pr\u00e9sident Demetrio CostantinoMedico chirurgo. specialista in ostetricia eginecologia.\u00a0\u00bbCentro Salute Donna\u00a0\u00bb, Azienda USL, Ferrara\u00a0 Secr\u00e9taire g\u00e9n\u00e9ral Francesco De GranoDottore in [&hellip;]<\/p>\n","protected":false},"author":1,"featured_media":0,"parent":0,"menu_order":0,"comment_status":"closed","ping_status":"closed","template":"","meta":{"_et_pb_use_builder":"on","_et_pb_old_content":"","_et_gb_content_width":""},"_links":{"self":[{"href":"https:\/\/isdsp.it\/fr\/wp-json\/wp\/v2\/pages\/2502"}],"collection":[{"href":"https:\/\/isdsp.it\/fr\/wp-json\/wp\/v2\/pages"}],"about":[{"href":"https:\/\/isdsp.it\/fr\/wp-json\/wp\/v2\/types\/page"}],"author":[{"embeddable":true,"href":"https:\/\/isdsp.it\/fr\/wp-json\/wp\/v2\/users\/1"}],"replies":[{"embeddable":true,"href":"https:\/\/isdsp.it\/fr\/wp-json\/wp\/v2\/comments?post=2502"}],"version-history":[{"count":7,"href":"https:\/\/isdsp.it\/fr\/wp-json\/wp\/v2\/pages\/2502\/revisions"}],"predecessor-version":[{"id":3990,"href":"https:\/\/isdsp.it\/fr\/wp-json\/wp\/v2\/pages\/2502\/revisions\/3990"}],"wp:attachment":[{"href":"https:\/\/isdsp.it\/fr\/wp-json\/wp\/v2\/media?parent=2502"}],"curies":[{"name":"wp","href":"https:\/\/api.w.org\/{rel}","templated":true}]}}