{"id":2403,"date":"2018-07-31T11:03:28","date_gmt":"2018-07-31T09:03:28","guid":{"rendered":"http:\/\/isdsp.it\/?page_id=2403"},"modified":"2018-07-31T11:03:28","modified_gmt":"2018-07-31T09:03:28","slug":"notre-mission","status":"publish","type":"page","link":"https:\/\/isdsp.it\/fr\/notre-mission\/","title":{"rendered":"Notre mission"},"content":{"rendered":"<p>[et_pb_section bb_built=\u00a0\u00bb1&Prime; _builder_version=\u00a0\u00bb3.0.47&Prime;][et_pb_row _builder_version=\u00a0\u00bb3.0.48&Prime; background_size=\u00a0\u00bbinitial\u00a0\u00bb background_position=\u00a0\u00bbtop_left\u00a0\u00bb background_repeat=\u00a0\u00bbrepeat\u00a0\u00bb][et_pb_column type=\u00a0\u00bb4_4&Prime;][et_pb_text _builder_version=\u00a0\u00bb3.9&Prime; background_size=\u00a0\u00bbinitial\u00a0\u00bb background_position=\u00a0\u00bbtop_left\u00a0\u00bb background_repeat=\u00a0\u00bbrepeat\u00a0\u00bb]<\/p>\n<h1 class=\"entry-title main_title\">Notre mission<\/h1>\n<div class=\"et_pb_module et_pb_text et_pb_text_0 et_pb_bg_layout_light  et_pb_text_align_left\">\n<div class=\"et_pb_text_inner\">\n<p><strong>A l&rsquo;occasion du 10\u00e8me anniversaire de sa fondation,la Sifiog (Soci\u00e9t\u00e9 italienne de phytoth\u00e9rapie et decompl\u00e9ments en obst\u00e9trique et gyn\u00e9cologie) se d\u00e9veloppe et devient une Association internationale, repoussant ainsi ses limites au-del\u00e0 des fronti\u00e8res r\u00e9gionales. \u00c9tablie \u00e0 Rome, l\u2019International Society of<br \/>\nDietary Supplements and Phytotherapy (Soci\u00e9t\u00e9 internationale de compl\u00e9ments alimentaires et de phytoth\u00e9rapie \u2013 ISDSP) vise \u00e0 rassembler des groupes de personnes et de sp\u00e9cialistes au sein d&rsquo;une association internationale et interdisciplinaire afin de promouvoir la bonne utilisation des compl\u00e9ments alimentaires et de phytoth\u00e9rapie dans l&rsquo;alimentation quotidienne et dans la pratique clinique.<\/strong><\/p>\n<p><strong>Reprenant \u00e0 son compte les notions essentielles d&rsquo;ind\u00e9pendance et d&rsquo;\u00e9thique qui caract\u00e9risent la<br \/>\nSifiog<\/strong>, (laquelle est depuis longtemps une r\u00e9f\u00e9rence pour les m\u00e9decins, les biologistes et les chercheurs souhaitant approfondir les connaissances quant aux effets de la phytoth\u00e9rapie et des compl\u00e9ments<br \/>\nalimentaires sur la sant\u00e9),<strong>l&rsquo;ISDSP partage les m\u00eames buts et objectifs, \u00e0 savoir promouvoir l&rsquo;utilisation des compl\u00e9ments alimentaires et de la phytoth\u00e9rapie dans l&rsquo;alimentation quotidienne, dans les soins de sant\u00e9 et dans la m\u00e9decine, afin d\u2019am\u00e9liorer le bien\u00eatre public.<\/strong><\/p>\n<p>Les principaux objectifs de l&rsquo;Association sont :<\/p>\n<p>(i) la promotion et la diffusion d&rsquo;\u00e9tudes et d\u2019informations sur tous les aspects li\u00e9s \u00e0 l&rsquo;utilisation des<br \/>\ncompl\u00e9ments alimentaires et de la phytoth\u00e9rapie dans l&rsquo;alimentation et la m\u00e9decine, afin d&rsquo;obtenir, par des moyens appropri\u00e9s, un meilleur niveau de sant\u00e9 g\u00e9n\u00e9ral.<\/p>\n<p>(ii) la fourniture de directives et de normes pour la pr\u00e9paration et l&rsquo;utilisation de compl\u00e9ments alimentaires et de produits de phytoth\u00e9rapie afin de promouvoir un meilleur niveau de sant\u00e9 g\u00e9n\u00e9rale.<\/p>\n<p>(iii) la promotion de collaborations interdisciplinaires entre des personnes impliqu\u00e9es dans l&rsquo;utilisation des compl\u00e9ments alimentaires et de la phytoth\u00e9rapie en m\u00e9decine et dans le traitement de la sant\u00e9 individuelle.<\/p>\n<p>(iv) la promotion de collaborations avec des entreprises impliqu\u00e9es dans le d\u00e9veloppement de compl\u00e9ments<br \/>\nalimentaires, de plantes m\u00e9dicinales et de dispositifs m\u00e9dicaux (\u00ab Essais cliniques \u00bb, exp\u00e9riences, dossiers, formulations de m\u00e9dicaments, protocoles de traitement, etc.).<\/p>\n<\/div>\n<\/div>\n<div class=\"et_pb_module et_pb_gallery et_pb_gallery_0 et_pb_bg_layout_light  et_pb_gallery_grid\">\n<div class=\"et_pb_gallery_items et_post_gallery clearfix\" data-per_page=\"9\">\n<div class=\"et_pb_gallery_item et_pb_grid_item et_pb_bg_layout_light\"><\/div>\n<\/div>\n<\/div>\n<p>[\/et_pb_text][et_pb_gallery _builder_version=\u00a0\u00bb3.9&Prime; gallery_ids=\u00a0\u00bb1286,1287,1288,1289,1290,1291,1292,1293,1294,1773,1777,1779,1781,1785,1787,1790&Prime; zoom_icon_color=\u00a0\u00bb#2ea3f2&Prime; hover_overlay_color=\u00a0\u00bbrgba(255,255,255,0.9)\u00a0\u00bb posts_number=\u00a0\u00bb24&Prime; show_title_and_caption=\u00a0\u00bboff\u00a0\u00bb show_pagination=\u00a0\u00bboff\u00a0\u00bb \/][\/et_pb_column][\/et_pb_row][\/et_pb_section]<\/p>\n","protected":false},"excerpt":{"rendered":"<p>Notre mission A l&rsquo;occasion du 10\u00e8me anniversaire de sa fondation,la Sifiog (Soci\u00e9t\u00e9 italienne de phytoth\u00e9rapie et decompl\u00e9ments en obst\u00e9trique et gyn\u00e9cologie) se d\u00e9veloppe et devient une Association internationale, repoussant ainsi ses limites au-del\u00e0 des fronti\u00e8res r\u00e9gionales. \u00c9tablie \u00e0 Rome, l\u2019International Society of Dietary Supplements and Phytotherapy (Soci\u00e9t\u00e9 internationale de compl\u00e9ments alimentaires et de phytoth\u00e9rapie \u2013 [&hellip;]<\/p>\n","protected":false},"author":1,"featured_media":0,"parent":0,"menu_order":0,"comment_status":"closed","ping_status":"closed","template":"","meta":{"_et_pb_use_builder":"on","_et_pb_old_content":"<strong>On the occasion of the 10th anniversary from its foundation, the Sifiog (Societ\u00e0 Italiana di Fitoterapia ed Integratori in Ostetricia e Ginecologia) becomes a new, international Association that looks beyond the regional boarders.<\/strong> Founded in Rome,<strong> the International Society of Dietary Supplements and Phytotherapy (ISDSP) aims at bringing groups and individuals together within an international, multi-professional organization to promote \u2013 on a non-profit basis \u2013 the science of the use of dietary supplements and herb remedies in diet, health, and medicine for everyone\u2019s benefit.<\/strong>\r\n\r\nAmong the ISDSP\u2019s main goals and activities there are:\r\n\r\n\u2022\tpromoting and disseminating the study, research and knowledge on all aspects of utilization of dietary supplements and phytotherapy in human diet and medicine, in order to attain, by all appropriate means, a higher level of health benefits;\r\n\r\n\u2022\tproposing guidelines and standardizing criteria for preparation and use of dietary supplements and phytotherapy for the benefit of health;  \r\n\r\n\u2022\tfostering collaboration between the various disciplines interested in the use of dietary supplements and phytotherapy in medicine and individual health;\r\n\r\n\u2022\torganizing national and international educational courses on subjects of research and practice in the field;\r\n\r\n\u2022\tcreating and supporting study groups on topics of particular interest;\r\n\r\n\u2022\tpromoting and facilitating the dissemination of knowledge and information especially by scientific publications, and by newsletters and a dedicated website;\r\n\r\n\u2022\tappointing working parties to co-ordinate multicentre clinical trials;\r\n\r\n\u2022\tpromoting internationally agreed on definitions, terminologies, and methodologies;\r\n\r\n\u2022\trepresenting the interests of its membership in international public and private organizations whose aims are consistent with the purposes of the Society.","_et_gb_content_width":""},"_links":{"self":[{"href":"https:\/\/isdsp.it\/fr\/wp-json\/wp\/v2\/pages\/2403"}],"collection":[{"href":"https:\/\/isdsp.it\/fr\/wp-json\/wp\/v2\/pages"}],"about":[{"href":"https:\/\/isdsp.it\/fr\/wp-json\/wp\/v2\/types\/page"}],"author":[{"embeddable":true,"href":"https:\/\/isdsp.it\/fr\/wp-json\/wp\/v2\/users\/1"}],"replies":[{"embeddable":true,"href":"https:\/\/isdsp.it\/fr\/wp-json\/wp\/v2\/comments?post=2403"}],"version-history":[{"count":3,"href":"https:\/\/isdsp.it\/fr\/wp-json\/wp\/v2\/pages\/2403\/revisions"}],"predecessor-version":[{"id":2422,"href":"https:\/\/isdsp.it\/fr\/wp-json\/wp\/v2\/pages\/2403\/revisions\/2422"}],"wp:attachment":[{"href":"https:\/\/isdsp.it\/fr\/wp-json\/wp\/v2\/media?parent=2403"}],"curies":[{"name":"wp","href":"https:\/\/api.w.org\/{rel}","templated":true}]}}