{"id":2400,"date":"2018-07-31T10:25:11","date_gmt":"2018-07-31T08:25:11","guid":{"rendered":"http:\/\/isdsp.it\/?page_id=2400"},"modified":"2018-07-31T10:25:11","modified_gmt":"2018-07-31T08:25:11","slug":"politica-de-privacidad","status":"publish","type":"page","link":"https:\/\/isdsp.it\/es\/politica-de-privacidad\/","title":{"rendered":"POL\u00cdTICA DE PRIVACIDAD"},"content":{"rendered":"<p>[et_pb_section bb_built=\u00bb1&#8243; _builder_version=\u00bb3.0.47&#8243;][et_pb_row _builder_version=\u00bb3.0.47&#8243; background_size=\u00bbinitial\u00bb background_position=\u00bbtop_left\u00bb background_repeat=\u00bbrepeat\u00bb][et_pb_column type=\u00bb4_4&#8243;][et_pb_text _builder_version=\u00bb3.9&#8243;]<\/p>\n<h1><strong>POL\u00cdTICA DE PRIVACIDAD<\/strong><\/h1>\n<h2><strong>REFERENCIAS NORMATIVAS<\/strong><\/h2>\n<ul>\n<li>Directiva 2002\/58\/CE \u2013 relativa al \u201ctratamiento de los datos personales y a la protecci\u00f3n de la intimidad en el sector de las comunicaciones electr\u00f3nicas\u201d<\/li>\n<li>Reglamento (UE) 2016\/679 del Parlamento Europeo y del Consejo del 27 de abril de 2016 relativo a la protecci\u00f3n de las personas f\u00edsicas en lo que respecta al tratamiento de datos personales y a la libre circulaci\u00f3n de estos datos y por el que se deroga la Directiva 95\/46\/CE (Reglamento General de Protecci\u00f3n de Datos).<\/li>\n<\/ul>\n<h2><strong>EL RESPONSABLE DEL TRATAMIENTO.<\/strong><\/h2>\n<p>Tras la consulta del presente sitio pueden ser tratados datos relativos a personas identificadas o identificables. El \u00abResponsable\u00bb de su tratamiento es International Society of Dietary Supplements and Phytotherapy con domicilio en Via Carlo Pesenti, 109 \u2013 00156 Roma (RM).<\/p>\n<h2><strong>LUGAR DEL TRATAMIENTO DE LOS DATOS Y PER\u00cdODOS DE CONSERVACI\u00d3N<\/strong><\/h2>\n<p>Los tratamientos relacionados con los servicios web de este sitio tienen lugar en el antedicho domicilio del Responsable y los datos son tratados \u00fanica y exclusivamente por el personal encargado para dicha finalidad o por eventuales proveedores terceros encargados de operaciones ocasionales de mantenimiento, nombrados como Responsables del tratamiento conforme al art\u00edculo 28 del RGPD. Los datos recogidos ser\u00e1n conservados &#8211; por cada tipolog\u00eda de datos tratados &#8211; exclusivamente por el tiempo necesario para cumplir con las espec\u00edficas finalidades indicadas en las detalladas informaciones de s\u00edntesis visualizadas en las p\u00e1ginas del sitio y predispuestas para particulares servicios.<\/p>\n<h2><strong>TIPOS DE DATOS TRATADOS<\/strong><\/h2>\n<p><strong>Datos de navegaci\u00f3n<\/strong><\/p>\n<p>Los sistemas inform\u00e1ticos y los procedimientos software utilizados para el funcionamiento de este sitio web adquieren, durante su normal ejercicio, algunos datos personales cuya transmisi\u00f3n resulta impl\u00edcita en el uso de los protocolos de comunicaci\u00f3n de Internet. Se trata de informaciones que no han sido recogidas para ser asociadas a personas identificadas, pero que por su naturaleza podr\u00edan, a trav\u00e9s de elaboraciones y asociaciones con datos pose\u00eddos por terceros, permitir la identificaci\u00f3n de los usuarios. En esta categor\u00eda de datos se encuentran las direcciones IP o los nombres de dominio de los ordenadores utilizados por los usuarios que acceden al sitio, las direcciones en notaci\u00f3n URI (Uniform Resource Identifier) de los recursos solicitados, el horario de la solicitud, el m\u00e9todo utilizado para someter la solicitud al servidor, la dimensi\u00f3n del archivo obtenido como respuesta, el c\u00f3digo num\u00e9rico que indica el estado de la respuesta proporcionada por el servidor (\u00e9xito, error, etc.) y otros par\u00e1metros relativos al sistema operativo y el ambiente inform\u00e1tico del usuario. Estos datos son utilizados con la \u00fanica finalidad de adquirir informaciones estad\u00edsticas an\u00f3nimas sobre el uso del sitio y para controlar su correcto funcionamiento y son eliminados inmediatamente despu\u00e9s de la elaboraci\u00f3n. Los datos podr\u00edan ser utilizados para determinar responsabilidades en caso de hipot\u00e9ticos delitos inform\u00e1ticos en perjuicio del sitio: teniendo en cuenta esta eventualidad, actualmente los datos relativos a los contactos web no persisten por m\u00e1s de siete d\u00edas.<\/p>\n<p><strong>Datos proporcionados voluntariamente por el usuario<\/strong><\/p>\n<p>El env\u00edo opcional, expl\u00edcito y voluntario de datos personales por parte del usuario en los formularios de descripci\u00f3n presentes en este sitio conlleva la sucesiva adquisici\u00f3n de los datos proporcionados por el remitente, necesarios para el suministro del servicio solicitado. Espec\u00edficas informaciones de s\u00edntesis ser\u00e1n progresivamente transcritas o visualizadas en las p\u00e1ginas del sitio predispuestas para particulares servicios a petici\u00f3n. En caso de que decida inscribirse, le informamos que el \u00abNombre de Usuario\u00bb y la \u00abContrase\u00f1a\u00bb elegidas por usted, ser\u00e1n tratadas \u00fanicamente para garantizarle la correcta inscripci\u00f3n al sitio y permitirle el acceso al \u00e1rea reservada.<\/p>\n<h2><strong>COOKIES<\/strong><\/h2>\n<p>Las cookies son peque\u00f1os archivos de texto que contienen una determinada cantidad de informaciones intercambiadas entre un sitio internet y el terminal del usuario (normalmente el navegador). Son usadas principalmente con la finalidad de hacer funcionar los sitios web y hacerlos operar de manera m\u00e1s eficiente, como tambi\u00e9n para proporcionar informaciones a los propietarios del sitio mismo. Las cookies pueden ser de sesi\u00f3n y persistentes. Las cookies de sesi\u00f3n quedan memorizadas en el terminal por un breve per\u00edodo de tiempo y son eliminadas en cuanto el usuario cierra el navegador. Su utilizaci\u00f3n est\u00e1 estrictamente limitada a la transmisi\u00f3n de identificativos de sesi\u00f3n (constituidos por n\u00fameros casuales generados por el servidor) necesarios para consentir la navegaci\u00f3n segura y eficiente del sitio. Las cookies persistentes, de lo contrario, quedan archivadas en el terminal del usuario hasta un t\u00e9rmino preestablecido. \u00c9stas \u00faltimas, al no ser eliminadas directamente al cerrar el navegador, permiten recordar las elecciones efectuadas por el usuario en su propio sitio y tambi\u00e9n recoger informaciones con respecto a las p\u00e1ginas del sitio visitadas por el usuario, la frecuencia con la cual el sitio es visitado y para identificar el trazado de navegaci\u00f3n de los usuarios, a fin de mejorar la experiencia en el presente sitio. Las cookies, de sesi\u00f3n o persistentes, pueden ser tambi\u00e9n de Primera o Tercera parte seg\u00fan la persona que instala las cookies en el terminal del usuario sea el mismo gestor del sitio que el usuario est\u00e1 visitando (en este caso se tratar\u00e1 entonces de cookies de Primera parte) o bien un sujeto diverso (se tratar\u00e1 entonces de cookies de Tercera parte).<\/p>\n<h2><strong>Cookies utilizadas por el presente sitio<\/strong><\/h2>\n<p>El presente sitio utiliza cookies tanto de Primera como de Tercera parte, por valerse de las funcionalidades de los servicios Google Analytics, ofrecidos por Google Inc. Google Analytics utiliza las \u201ccookies\u201d para recoger y analizar las informaciones relativas a las modalidades de utilizaci\u00f3n de los sitios web visitados por el usuario. Para mayor informaci\u00f3n sobre los cookies de Google Analytics y su utilizaci\u00f3n por parte de Google Inc., es posible consultar: La informaci\u00f3n sobre el uso de las cookies por parte de Google est\u00e1 disponible en la direcci\u00f3n:<\/p>\n<p><a href=\"http:\/\/www.google.com\/intl\/it\/policies\/technologies\/cookies\/\">http:\/\/www.google.com\/intl\/it\/policies\/technologies\/cookies\/<\/a><\/p>\n<p>e&nbsp;<a href=\"https:\/\/developers.google.com\/analytics\/devguides\/collection\/analyticsjs\/cookie-usage\">https:\/\/developers.google.com\/analytics\/devguides\/collection\/analyticsjs\/cookies-usage<\/a><\/p>\n<p>l&#8217;informativa per la privacy policy di Google Analytics all\u2019indirizzo:<\/p>\n<p><a href=\"http:\/\/www.google.com\/intl\/en\/analytics\/privacyoverview.html\">http:\/\/www.google.com\/intl\/en\/analytics\/privacyoverview.html<\/a><\/p>\n<p>&nbsp;<\/p>\n<p><strong>En la siguiente tabla se representan, de manera detallada, las cookies actualmente presente en el sitio web<\/strong><\/p>\n<table width=\"659\">\n<tbody>\n<tr>\n<td width=\"109\"><strong>NOMBRE COOKIE<\/strong><\/td>\n<td width=\"180\"><strong>VENCIMIENTO PREDEFINIDO<\/strong><\/td>\n<td width=\"102\"><strong>TIPO<\/strong><\/td>\n<td width=\"268\"><strong>DESCRIPCI\u00d3N COOKIE<\/strong><\/td>\n<\/tr>\n<tr>\n<td width=\"109\"><strong>_ga<\/strong><\/td>\n<td width=\"180\">El vencimiento por defecto est\u00e1 configurado despu\u00e9s de dos a\u00f1os<\/td>\n<td width=\"102\"><strong>Anal\u00edtico de terceras partes<\/strong><\/td>\n<td width=\"268\">Esta cookie est\u00e1 asociada a Google Analytics y es utilizada para distinguir los usuarios, asignando a cada uno de ellos un n\u00famero generado de manera casual como identificador. Es utilizada para calcular el n\u00famero de visitantes de la p\u00e1gina, de las sesiones y datos a fin de producir informes de an\u00e1lisis estad\u00edstica anonimizada.<\/td>\n<\/tr>\n<tr>\n<td width=\"109\"><strong>_gid<\/strong><\/td>\n<td width=\"180\">El vencimiento por defecto est\u00e1 configurado despu\u00e9s de 24 horas<\/td>\n<td width=\"102\"><strong>Anal\u00edtico de terceras partes<\/strong><\/td>\n<td width=\"268\">Esta cookie est\u00e1 asociada a Google Analytics y es utilizada para distinguir los usuarios, asignando a cada uno de ellos un n\u00famero generado de manera casual como identificador. Es utilizada para calcular el n\u00famero de visitantes de la p\u00e1gina, de las sesiones y datos a fin de producir informes de an\u00e1lisis estad\u00edstica anonimizada.<\/td>\n<\/tr>\n<tr>\n<td width=\"109\"><strong>_gat<\/strong><\/td>\n<td width=\"180\">El vencimiento por defecto est\u00e1 configurado despu\u00e9s de 10 minutos<\/td>\n<td width=\"102\"><strong>Anal\u00edtico de terceras partes<\/strong><\/td>\n<td width=\"268\">Esta cookie est\u00e1 asociada a Google Analytics, es utilizada para acelerar las solicitudes de acceso.<\/td>\n<\/tr>\n<\/tbody>\n<\/table>\n<p>Adem\u00e1s de las cookies presentes en la tabla, el presente sitio utiliza tambi\u00e9n las llamadas cookies de sesi\u00f3n (por ejemplo la cookie PHPSESSID, que concierne a la sesi\u00f3n de trabajo), es decir aquellas cookies que no son memorizadas de manera persistente en el ordenador del usuario y desaparecen con el cierre del navegador. Su utilizaci\u00f3n est\u00e1 estrictamente limitada.<\/p>\n<h2><strong>Gesti\u00f3n de las cookies<\/strong><\/h2>\n<p>Normalmente los navegadores permiten el control de la mayor\u00eda de las cookies mediante las configuraciones del navegador mismo. De todas maneras se recuerda que la deshabilitaci\u00f3n total o parcial de las cookies llamadas t\u00e9cnicas puede comprometer el uso de las funcionalidades del sitio. De todos modos, en caso de que el usuario no desee recibir ning\u00fan tipo de cookies en su ordenador, ni de este sitio, ni de otros, puede aumentar el nivel de protecci\u00f3n de la privacidad modificando las configuraciones de seguridad de su navegador: Mozilla Firefox: https:\/\/support.mozilla.org\/it\/kb\/Gestione%20dei%20cookie Google Chrome: https:\/\/support.google.com\/chrome\/answer\/95647?hl=it Internet Explorer: http:\/\/windows.microsoft.com\/it-it\/windows-vista\/block-or-allow-cookies Safari 6\/7 Mavericks: https:\/\/support.apple.com\/kb\/PH17191?viewlocale=it_IT&#038;locale=it_IT Safari 8 Yosemite: https:\/\/support.apple.com\/kb\/PH19214?viewlocale=it_IT&#038;locale=it_IT Safari en iPhone, iPad, o iPod touch: https:\/\/support.apple.com\/it-it\/HT201265<\/p>\n<h2><strong>ENLACES A OTROS SITIOS WEB<\/strong><\/h2>\n<p>Este sitio podr\u00eda contener enlaces o referencias para el acceso a otros sitios. Haciendo clic en los apropiados enlaces podr\u00e1s por ejemplo compartir nuestros contenidos. Te informamos que el Responsable del tratamiento no controla las cookies o las otras tecnolog\u00edas de monitorizaci\u00f3n de dichos sitios web a los cuales la presente pol\u00edtica no se aplica<\/p>\n<h2><strong>CAR\u00c1CTER OPCIONAL DE LA APORTACI\u00d3N DE DATOS<\/strong><\/h2>\n<p>Excepto lo especificado para los datos de navegaci\u00f3n, el usuario es libre de proporcionar sus datos personales. De todos modos, la no comunicaci\u00f3n de los mismos puede comportar la imposibilidad de obtener lo solicitado.<\/p>\n<h2><strong>MODALIDAD DEL TRATAMIENTO<\/strong><\/h2>\n<p>Los datos personales son tratados tambi\u00e9n mediante el auxilio de instrumentos automatizados. Se adoptan espec\u00edficas medidas de seguridad para prevenir la p\u00e9rdida de datos, usos il\u00edcitos o no correctos y accesos no autorizados. El Responsable ha adoptado todas las medidas m\u00ednimas de seguridad previstas por la ley e inspir\u00e1ndose a los principales est\u00e1ndares internacionales; tambi\u00e9n ha adoptado medidas de seguridad ulteriores para reducir al m\u00ednimo los riesgos inherentes a la confidencialidad, disponibilidad e integridad de los datos personales recogidos y tratados.<\/p>\n<h2><strong>COMPARTIR, COMUNICAR Y DIFUNDIR LOS DATOS<\/strong><\/h2>\n<p>Los datos recogidos podr\u00e1n ser transferidos o comunicados a otras sociedades para actividades estrictamente relacionadas e inherentes a la operatividad del servicio, como la gesti\u00f3n del sistema inform\u00e1tico. Los datos personales suministrados por los usuarios que solicitan el env\u00edo de material informativo (folletos, material informativo, etc.) s\u00f3lo se utilizan para llevar a cabo el servicio o la asistencia solicitada y se dan a conocer a terceros s\u00f3lo cuando sea necesario a tal fin (sociedades que proporcionan servicios de embalaje, etiquetado, despacho). A excepci\u00f3n de los casos indicados, los datos personales no ser\u00e1n comunicados salvo previsi\u00f3n contractual o legal, o salvo espec\u00edfico consentimiento solicitado al interesado. A este respecto, los datos personales podr\u00edan ser transmitidos a terceras partes, pero solo y exclusivamente en el caso en que: 2. el interesado haya prestado el consentimiento expl\u00edcito para compartir los datos con terceras partes; 3. sea necesario compartir con terceros las informaciones con el objeto de prestar el servicio solicitado; 4. lo dicho sea necesario para cumplir con solicitudes de la Autoridad Judicial o de Seguridad P\u00fablica. Ning\u00fan dato derivado del servicio web es difundido.<\/p>\n<h2><strong>DERECHOS DE LOS INTERESADOS<\/strong><\/h2>\n<p>La normativa de protecci\u00f3n de datos de car\u00e1cter personal prev\u00e9 expresamente algunos derechos con respecto a las personas titulares de los mismos (interesados). En particular, de conformidad con los art\u00edculos 15 y siguientes del Reglamento (UE) 2016\/679, cada interesado tiene el derecho de obtener la confirmaci\u00f3n de la existencia o no de los datos que le conciernen, obtener la indicaci\u00f3n de la origen, finalidades y modalidades del tratamiento, la actualizaci\u00f3n, rectificaci\u00f3n, integraci\u00f3n de los datos y asimismo la eliminaci\u00f3n de los mismos en caso de que sean tratados en violaci\u00f3n a la ley o si subsistiera uno de los motivos especificados por el art\u00edculo 17 del Reglamento (UE) 2016\/679.<\/p>\n<h2><strong>MODIFICACIONES A LAS PRESENTES POL\u00cdTICAS DE PRIVACIDAD<\/strong><\/h2>\n<p>El Responsable verifica peri\u00f3dicamente la pol\u00edtica de privacidad y seguridad y, eventualmente, la modifica seg\u00fan las modificaciones normativas, organizativas o dictadas por la evoluci\u00f3n tecnol\u00f3gica. En caso de modificaci\u00f3n de las pol\u00edticas, la nueva versi\u00f3n ser\u00e1 publicada en esta p\u00e1gina del sitio.<\/p>\n<h2><strong>PREGUNTAS, RECLAMACIONES, SUGERENCIAS Y EJERCICIO DE LOS DERECHOS<\/strong><\/h2>\n<p>Para obtener m\u00e1s informaci\u00f3n, aportar sugerencias o presentar reclamaciones o contestaciones sobre las pol\u00edticas de privacidad, con respecto al tratamiento de los datos personales efectuado por nuestra Sociedad, como tambi\u00e9n para hacer valer los derechos previstos por la normativa en materia de protecci\u00f3n de datos personales, usted puede dirigirse al Responsable del tratamiento escribiendo a International Society od Dietary Supplements and Phytotherapy con domicilio en Via Carlo Pesenti, 109 \u2013 00156 Roma (RM): info@isdsp.it<\/p>\n<h2><strong>LEY Y JURISDICCI\u00d3N<\/strong><\/h2>\n<p>La interpretaci\u00f3n y ejecuci\u00f3n de estas condiciones quedan regidas por la ley italiana. El Tribunal de Roma (Italia) ser\u00e1 competente con car\u00e1cter exclusivo para cualquier conflicto relacionado con estas condiciones. El Responsable se reserva el derecho de obtener soluciones urgentes ante cualquier Tribunal, tambi\u00e9n en el extranjero, con el objeto de proteger sus intereses y hacer respetar sus derechos.<\/p>\n<p>[\/et_pb_text][\/et_pb_column][\/et_pb_row][\/et_pb_section]<\/p>\n","protected":false},"excerpt":{"rendered":"<p>POL\u00cdTICA DE PRIVACIDAD REFERENCIAS NORMATIVAS Directiva 2002\/58\/CE \u2013 relativa al \u201ctratamiento de los datos personales y a la protecci\u00f3n de la intimidad en el sector de las comunicaciones electr\u00f3nicas\u201d Reglamento (UE) 2016\/679 del Parlamento Europeo y del Consejo del 27 de abril de 2016 relativo a la protecci\u00f3n de las personas f\u00edsicas en lo que [&hellip;]<\/p>\n","protected":false},"author":1,"featured_media":0,"parent":0,"menu_order":0,"comment_status":"closed","ping_status":"closed","template":"","meta":{"_et_pb_use_builder":"on","_et_pb_old_content":"","_et_gb_content_width":""},"_links":{"self":[{"href":"https:\/\/isdsp.it\/es\/wp-json\/wp\/v2\/pages\/2400"}],"collection":[{"href":"https:\/\/isdsp.it\/es\/wp-json\/wp\/v2\/pages"}],"about":[{"href":"https:\/\/isdsp.it\/es\/wp-json\/wp\/v2\/types\/page"}],"author":[{"embeddable":true,"href":"https:\/\/isdsp.it\/es\/wp-json\/wp\/v2\/users\/1"}],"replies":[{"embeddable":true,"href":"https:\/\/isdsp.it\/es\/wp-json\/wp\/v2\/comments?post=2400"}],"version-history":[{"count":2,"href":"https:\/\/isdsp.it\/es\/wp-json\/wp\/v2\/pages\/2400\/revisions"}],"predecessor-version":[{"id":2402,"href":"https:\/\/isdsp.it\/es\/wp-json\/wp\/v2\/pages\/2400\/revisions\/2402"}],"wp:attachment":[{"href":"https:\/\/isdsp.it\/es\/wp-json\/wp\/v2\/media?parent=2400"}],"curies":[{"name":"wp","href":"https:\/\/api.w.org\/{rel}","templated":true}]}}