{"id":2318,"date":"2018-07-30T15:57:19","date_gmt":"2018-07-30T13:57:19","guid":{"rendered":"http:\/\/isdsp.it\/?page_id=2318"},"modified":"2018-07-30T15:57:19","modified_gmt":"2018-07-30T13:57:19","slug":"phytogyn","status":"publish","type":"page","link":"https:\/\/isdsp.it\/es\/phytogyn\/","title":{"rendered":"Phytogyn"},"content":{"rendered":"<p>[et_pb_section bb_built=\u00bb1&#8243;][et_pb_row][et_pb_column type=\u00bb4_4&#8243;][et_pb_text _builder_version=\u00bb3.9&#8243;]<\/p>\n<h1 class=\"entry-title main_title\">Phytogyn<\/h1>\n<p>Phytogyn Se asoma al mundo editorial destinado a la comunidad cient\u00edfica en 2010, convirti\u00e9ndose en el \u00d3rgano Oficial de la Sociedad Italiana de Fitoterapia y Complementos en Obstetricia y Ginecolog\u00eda (Sifiog), un punto de referencia para m\u00e9dicos, bi\u00f3logos e investigadores interesados en profundizar el estudio de los efectos de fitoter\u00e1picos y complementos sobre la salud de las personas. El proyecto editorial a cargo de Vittorio Unfer y Fabio Facchinetti siempre se ha distinguido por su atenci\u00f3n hacia la divulgaci\u00f3n cient\u00edfica, promoviendo la difusi\u00f3n de estudios, investigaciones, profundizaciones y tambi\u00e9n reflexiones sobre el mundo de los complementos y de los dispositivos m\u00e9dicos. ISDSP, tras su transformaci\u00f3n en Asociaci\u00f3n Internacional, siguiendo el \u00e9xito de Phytogyn y con ocasi\u00f3n del 10\u00b0 Aniversario Sifiog lanza <a href=\"https:\/\/www.isdsp.it\/es\/phitogynecea\/\">Phitogynecea<\/a>, la nueva revista cient\u00edfica cuatrimestral de profundizaci\u00f3n sobre el mundo de la nutrici\u00f3n y la fitoterapia.<\/p>\n<p>[\/et_pb_text][\/et_pb_column][\/et_pb_row][et_pb_row][et_pb_column type=\u00bb1_3&#8243;][et_pb_text _builder_version=\u00bb3.7&#8243;]<\/p>\n<h2>PHYTOGYN VOLUME II &#8211; N. 2 (APRILE-GIUGNO) 2011<\/h2>\n<p>[\/et_pb_text][et_pb_text admin_label=\u00bbvOL 2 2011&#8243; _builder_version=\u00bb3.7&#8243;]<\/p>\n<a href=\"https:\/\/www.isdsp.it\/wp-content\/uploads\/2018\/07\/Phytogyn-2_2011-ok-1.pdf\" class=\"pdfemb-viewer\" style=\"\" data-width=\"max\" data-height=\"max\"  data-toolbar=\"bottom\" data-toolbar-fixed=\"off\">Phytogyn-2_2011-ok-1<br\/><\/a>\n<p>[\/et_pb_text][\/et_pb_column][et_pb_column type=\u00bb1_3&#8243;][et_pb_text _builder_version=\u00bb3.7&#8243;]<\/p>\n<h2>PHYTOGYN VOLUME I &#8211; N. 3 &#8211; 2010<\/h2>\n<p>[\/et_pb_text][et_pb_text admin_label=\u00bbvOL 3 2010&#8243; _builder_version=\u00bb3.7&#8243;]<\/p>\n<a href=\"https:\/\/www.isdsp.it\/wp-content\/uploads\/2018\/07\/Phytogyn-3_2010.pdf\" class=\"pdfemb-viewer\" style=\"\" data-width=\"max\" data-height=\"max\"  data-toolbar=\"bottom\" data-toolbar-fixed=\"off\">Phytogyn-3_2010<br\/><\/a>\n<p>[\/et_pb_text][\/et_pb_column][et_pb_column type=\u00bb1_3&#8243;][et_pb_text _builder_version=\u00bb3.7&#8243;]<\/p>\n<h2>PHYTOGYN VOLUME I &#8211; N. 2 &#8211; 2010<\/h2>\n<p>[\/et_pb_text][et_pb_text admin_label=\u00bbvOL2 2010&#8243; _builder_version=\u00bb3.7&#8243;]<\/p>\n<a href=\"https:\/\/www.isdsp.it\/wp-content\/uploads\/2018\/07\/Phytogyn-2_2010.pdf\" class=\"pdfemb-viewer\" style=\"\" data-width=\"max\" data-height=\"max\"  data-toolbar=\"bottom\" data-toolbar-fixed=\"off\">Phytogyn-2_2010<br\/><\/a>\n<p>[\/et_pb_text][\/et_pb_column][\/et_pb_row][et_pb_row][et_pb_column type=\u00bb1_3&#8243;][et_pb_text _builder_version=\u00bb3.7&#8243;]<\/p>\n<h2>PHYTOGYN VOLUME I &#8211; N. 1 &#8211; 2010<\/h2>\n<p>[\/et_pb_text][et_pb_text admin_label=\u00bbvOL1 2010&#8243; _builder_version=\u00bb3.7&#8243;]<\/p>\n<a href=\"https:\/\/www.isdsp.it\/wp-content\/uploads\/2018\/07\/Phytogyn-1_2010.pdf\" class=\"pdfemb-viewer\" style=\"\" data-width=\"max\" data-height=\"max\"  data-toolbar=\"bottom\" data-toolbar-fixed=\"off\">Phytogyn-1_2010<br\/><\/a>\n<p>[\/et_pb_text][\/et_pb_column][et_pb_column type=\u00bb1_3&#8243;][et_pb_text _builder_version=\u00bb3.7&#8243;]<\/p>\n<h2>SUPPLEMENTO AL VOLUME XXXI N. 8\/9 &#8211; 2009<\/h2>\n<p>[\/et_pb_text][et_pb_text admin_label=\u00bbPDF 2009&#8243; _builder_version=\u00bb3.7&#8243;]<\/p>\n<a href=\"https:\/\/www.isdsp.it\/wp-content\/uploads\/2018\/07\/Phytogyn-1_2009_supplemento.pdf\" class=\"pdfemb-viewer\" style=\"\" data-width=\"max\" data-height=\"max\"  data-toolbar=\"bottom\" data-toolbar-fixed=\"off\">Phytogyn-1_2009_supplemento<br\/><\/a>\n<p>[\/et_pb_text][\/et_pb_column][et_pb_column type=\u00bb1_3&#8243;][\/et_pb_column][\/et_pb_row][\/et_pb_section]<\/p>\n","protected":false},"excerpt":{"rendered":"<p><div class=\"et_pb_row et_pb_row_0 et_pb_row_empty\">\n\t\t\t\t\n\t\t\t\t\n\t\t\t\t\n\t\t\t\t\n\t\t\t\t\n\t\t\t<\/div> Phytogyn Phytogyn Se asoma al mundo editorial destinado a la comunidad cient\u00edfica en 2010, convirti\u00e9ndose en el \u00d3rgano Oficial de la Sociedad Italiana de Fitoterapia y Complementos en Obstetricia y Ginecolog\u00eda (Sifiog), un punto de referencia para m\u00e9dicos, bi\u00f3logos e investigadores interesados en profundizar el estudio de los efectos de fitoter\u00e1picos y complementos sobre [&hellip;]<\/p>\n","protected":false},"author":1,"featured_media":0,"parent":0,"menu_order":0,"comment_status":"closed","ping_status":"closed","template":"","meta":{"_et_pb_use_builder":"on","_et_pb_old_content":"","_et_gb_content_width":""},"_links":{"self":[{"href":"https:\/\/isdsp.it\/es\/wp-json\/wp\/v2\/pages\/2318"}],"collection":[{"href":"https:\/\/isdsp.it\/es\/wp-json\/wp\/v2\/pages"}],"about":[{"href":"https:\/\/isdsp.it\/es\/wp-json\/wp\/v2\/types\/page"}],"author":[{"embeddable":true,"href":"https:\/\/isdsp.it\/es\/wp-json\/wp\/v2\/users\/1"}],"replies":[{"embeddable":true,"href":"https:\/\/isdsp.it\/es\/wp-json\/wp\/v2\/comments?post=2318"}],"version-history":[{"count":2,"href":"https:\/\/isdsp.it\/es\/wp-json\/wp\/v2\/pages\/2318\/revisions"}],"predecessor-version":[{"id":2321,"href":"https:\/\/isdsp.it\/es\/wp-json\/wp\/v2\/pages\/2318\/revisions\/2321"}],"wp:attachment":[{"href":"https:\/\/isdsp.it\/es\/wp-json\/wp\/v2\/media?parent=2318"}],"curies":[{"name":"wp","href":"https:\/\/api.w.org\/{rel}","templated":true}]}}