{"id":2314,"date":"2018-07-30T15:55:56","date_gmt":"2018-07-30T13:55:56","guid":{"rendered":"http:\/\/isdsp.it\/?page_id=2314"},"modified":"2018-07-30T15:55:56","modified_gmt":"2018-07-30T13:55:56","slug":"ijmdat","status":"publish","type":"page","link":"https:\/\/isdsp.it\/es\/ijmdat\/","title":{"rendered":"IJMDAT"},"content":{"rendered":"<p>[et_pb_section bb_built=\u00bb1&#8243;][et_pb_row][et_pb_column type=\u00bb3_4&#8243;][et_pb_text _builder_version=\u00bb3.9&#8243;]<\/p>\n<h1 class=\"entry-title main_title\">International Journal of Medical Device and Adjuvant Treatments<\/h1>\n<p>[\/et_pb_text][\/et_pb_column][et_pb_column type=\u00bb1_4&#8243;][\/et_pb_column][\/et_pb_row][et_pb_row][et_pb_column type=\u00bb2_3&#8243;][et_pb_text _builder_version=\u00bb3.9&#8243;]<\/p>\n<p>El<a href=\"http:\/\/www.ijmdat.com\/\" rel=\"noopener\" target=\"_blank\"> International Journal of Medical Device and Adjuvant Treatments<\/a> es la revista cient\u00edfica cuatrimestral destinada a la comunidad m\u00e9dica, que propone resultados siempre actualizados sobre investigaciones cl\u00ednicas y b\u00e1sicas (investigaciones b\u00e1sicas, prevenci\u00f3n, salud p\u00fablica, aspectos farmacol\u00f3gicos y farmacogen\u00f3micos, tratamientos, aspectos innovadores concernientes a diagn\u00f3sticos, patolog\u00edas y estudios experimentales precl\u00ednicos y cl\u00ednicos), relativos a la utilizaci\u00f3n y el desarrollo de dispositivos m\u00e9dicos y tratamientos coadyuvantes.<\/p>\n<p>[\/et_pb_text][\/et_pb_column][et_pb_column type=\u00bb1_3&#8243;][et_pb_image _builder_version=\u00bb3.9&#8243; src=\u00bbhttps:\/\/www.isdsp.it\/wp-content\/uploads\/2018\/07\/IJMDAT.jpg\u00bb url=\u00bbhttp:\/\/www.ijmdat.com\/\u00bb url_new_window=\u00bbon\u00bb border_width_all=\u00bb1px\u00bb \/][\/et_pb_column][\/et_pb_row][\/et_pb_section]<\/p>\n","protected":false},"excerpt":{"rendered":"<p><div class=\"et_pb_row et_pb_row_0 et_pb_row_empty\">\n\t\t\t\t\n\t\t\t\t\n\t\t\t\t\n\t\t\t\t\n\t\t\t\t\n\t\t\t<\/div> International Journal of Medical Device and Adjuvant Treatments <div class=\"et_pb_row et_pb_row_1 et_pb_row_empty\">\n\t\t\t\t\n\t\t\t\t\n\t\t\t\t\n\t\t\t\t\n\t\t\t\t\n\t\t\t<\/div> El International Journal of Medical Device and Adjuvant Treatments es la revista cient\u00edfica cuatrimestral destinada a la comunidad m\u00e9dica, que propone resultados siempre actualizados sobre investigaciones cl\u00ednicas y b\u00e1sicas (investigaciones b\u00e1sicas, prevenci\u00f3n, salud p\u00fablica, aspectos farmacol\u00f3gicos y farmacogen\u00f3micos, tratamientos, aspectos innovadores concernientes a diagn\u00f3sticos, patolog\u00edas [&hellip;]<\/p>\n","protected":false},"author":1,"featured_media":0,"parent":0,"menu_order":0,"comment_status":"closed","ping_status":"closed","template":"","meta":{"_et_pb_use_builder":"on","_et_pb_old_content":"","_et_gb_content_width":""},"_links":{"self":[{"href":"https:\/\/isdsp.it\/es\/wp-json\/wp\/v2\/pages\/2314"}],"collection":[{"href":"https:\/\/isdsp.it\/es\/wp-json\/wp\/v2\/pages"}],"about":[{"href":"https:\/\/isdsp.it\/es\/wp-json\/wp\/v2\/types\/page"}],"author":[{"embeddable":true,"href":"https:\/\/isdsp.it\/es\/wp-json\/wp\/v2\/users\/1"}],"replies":[{"embeddable":true,"href":"https:\/\/isdsp.it\/es\/wp-json\/wp\/v2\/comments?post=2314"}],"version-history":[{"count":2,"href":"https:\/\/isdsp.it\/es\/wp-json\/wp\/v2\/pages\/2314\/revisions"}],"predecessor-version":[{"id":2317,"href":"https:\/\/isdsp.it\/es\/wp-json\/wp\/v2\/pages\/2314\/revisions\/2317"}],"wp:attachment":[{"href":"https:\/\/isdsp.it\/es\/wp-json\/wp\/v2\/media?parent=2314"}],"curies":[{"name":"wp","href":"https:\/\/api.w.org\/{rel}","templated":true}]}}