{"id":2310,"date":"2018-07-30T15:53:51","date_gmt":"2018-07-30T13:53:51","guid":{"rendered":"http:\/\/isdsp.it\/?page_id=2310"},"modified":"2018-07-30T15:53:51","modified_gmt":"2018-07-30T13:53:51","slug":"phitogynecea","status":"publish","type":"page","link":"https:\/\/isdsp.it\/es\/phitogynecea\/","title":{"rendered":"Phitogynecea"},"content":{"rendered":"<p>[et_pb_section bb_built=\u00bb1&#8243; _builder_version=\u00bb3.0.47&#8243;][et_pb_row _builder_version=\u00bb3.0.48&#8243; background_size=\u00bbinitial\u00bb background_position=\u00bbtop_left\u00bb background_repeat=\u00bbrepeat\u00bb][et_pb_column type=\u00bb4_4&#8243;][et_pb_text _builder_version=\u00bb3.9&#8243;]<\/p>\n<h1 class=\"entry-title main_title\">Phitogynecea<\/h1>\n<p>[\/et_pb_text][\/et_pb_column][\/et_pb_row][et_pb_row _builder_version=\u00bb3.0.48&#8243; background_size=\u00bbinitial\u00bb background_position=\u00bbtop_left\u00bb background_repeat=\u00bbrepeat\u00bb][et_pb_column type=\u00bb2_3&#8243;][et_pb_text _builder_version=\u00bb3.9&#8243;]<\/p>\n<h2>Revista cuatrimestral de actualidad y actualizaci\u00f3n sobre el uso correcto de complementos alimenticios y fitoter\u00e1picos<\/h2>\n<p><strong>Argumentos:<\/strong> complementi alimencomplementos alimenticios, fitoterapia, nutrici\u00f3n<br \/>\n<strong>Redactores Jefe:<\/strong> Fabio Facchinetti, Vittorio Unfer<\/p>\n<p><strong>Tipolog\u00eda:<\/strong> Revista<br \/>\n<strong>Formato:<\/strong> A4<br \/>\n<strong>Periodicidad:<\/strong> Cuatrimestral<\/p>\n<p><strong>Descripci\u00f3n:<\/strong><br \/>\n<strong>Revista cient\u00edfica especializada en el uso correcto de los complementos alimenticios y fitoter\u00e1picos, Phitogynecea es un proyecto editorial que describe y profundiza en clave moderna argumentos de actualidad relacionados con laimportancia de la nutrici\u00f3n en campo m\u00e9dico.<\/strong><\/p>\n<p>Desde la ginecolog\u00eda a la endocrinolog\u00eda y la dietolog\u00eda, Phitogynecea alterna editoriales de m\u00e9dicos especializados con entrevistas a eminentes l\u00edderes de opini\u00f3n, representando un punto de referencia y ofreciendo al mismo tiempo temas de reflexi\u00f3n para los lectores. En el curso del a\u00f1o, Phitogynecea sigue tambi\u00e9n los m\u00e1s importantes congresos nacionales e internacionales con suplementos especiales.<\/p>\n<p>[\/et_pb_text][\/et_pb_column][et_pb_column type=\u00bb1_3&#8243;][et_pb_image src=\u00bbhttps:\/\/www.isdsp.it\/wp-content\/uploads\/2018\/06\/PHITOGYNECEA-copertina.jpg\u00bb show_in_lightbox=\u00bbon\u00bb _builder_version=\u00bb3.7&#8243; border_width_all=\u00bb1px\u00bb \/][\/et_pb_column][\/et_pb_row][\/et_pb_section]<\/p>\n","protected":false},"excerpt":{"rendered":"<p>Phitogynecea Revista cuatrimestral de actualidad y actualizaci\u00f3n sobre el uso correcto de complementos alimenticios y fitoter\u00e1picos Argumentos: complementi alimencomplementos alimenticios, fitoterapia, nutrici\u00f3n Redactores Jefe: Fabio Facchinetti, Vittorio Unfer Tipolog\u00eda: Revista Formato: A4 Periodicidad: Cuatrimestral Descripci\u00f3n: Revista cient\u00edfica especializada en el uso correcto de los complementos alimenticios y fitoter\u00e1picos, Phitogynecea es un proyecto editorial que describe [&hellip;]<\/p>\n","protected":false},"author":1,"featured_media":0,"parent":0,"menu_order":0,"comment_status":"closed","ping_status":"closed","template":"","meta":{"_et_pb_use_builder":"on","_et_pb_old_content":"","_et_gb_content_width":""},"_links":{"self":[{"href":"https:\/\/isdsp.it\/es\/wp-json\/wp\/v2\/pages\/2310"}],"collection":[{"href":"https:\/\/isdsp.it\/es\/wp-json\/wp\/v2\/pages"}],"about":[{"href":"https:\/\/isdsp.it\/es\/wp-json\/wp\/v2\/types\/page"}],"author":[{"embeddable":true,"href":"https:\/\/isdsp.it\/es\/wp-json\/wp\/v2\/users\/1"}],"replies":[{"embeddable":true,"href":"https:\/\/isdsp.it\/es\/wp-json\/wp\/v2\/comments?post=2310"}],"version-history":[{"count":2,"href":"https:\/\/isdsp.it\/es\/wp-json\/wp\/v2\/pages\/2310\/revisions"}],"predecessor-version":[{"id":2313,"href":"https:\/\/isdsp.it\/es\/wp-json\/wp\/v2\/pages\/2310\/revisions\/2313"}],"wp:attachment":[{"href":"https:\/\/isdsp.it\/es\/wp-json\/wp\/v2\/media?parent=2310"}],"curies":[{"name":"wp","href":"https:\/\/api.w.org\/{rel}","templated":true}]}}