{"id":2297,"date":"2018-07-30T15:39:46","date_gmt":"2018-07-30T13:39:46","guid":{"rendered":"http:\/\/isdsp.it\/?page_id=2297"},"modified":"2018-07-30T15:41:59","modified_gmt":"2018-07-30T13:41:59","slug":"por-que-asociarse","status":"publish","type":"page","link":"https:\/\/isdsp.it\/es\/por-que-asociarse\/","title":{"rendered":"\u00bfPor qu\u00e9 asociarse?"},"content":{"rendered":"<p>[et_pb_section bb_built=\u00bb1&#8243; admin_label=\u00bbsection\u00bb _builder_version=\u00bb3.0.47&#8243;][et_pb_row admin_label=\u00bbrow\u00bb _builder_version=\u00bb3.7&#8243; background_size=\u00bbinitial\u00bb background_position=\u00bbtop_left\u00bb background_repeat=\u00bbrepeat\u00bb][et_pb_column type=\u00bb4_4&#8243;][et_pb_text _builder_version=\u00bb3.9&#8243; background_size=\u00bbinitial\u00bb background_position=\u00bbtop_left\u00bb background_repeat=\u00bbrepeat\u00bb]<\/p>\n<h1 class=\"entry-title main_title\">\u00bfPor qu\u00e9 asociarse?<\/h1>\n<p><strong>ISDSP es una de las primeras Asociaciones del mundo que incorpora todas las disciplinas interesadas en la difusi\u00f3n del conocimiento sobre el uso correcto de los complementos alimenticios y fitoter\u00e1picos en r\u00e9gimen, salud y medicina.<\/strong><\/p>\n<p><strong>ISDSP ofrece una oportunidad de networking \u00fanica<\/strong>, sobre todo gracias a las numerosas actividades y acontecimientos que se organizan cada a\u00f1o, entre los cuales:<\/p>\n<p>a) el Congreso Internacional anual;<br \/>\nb) seminarios y cursos informativo-educativos sobre argumentos inherentes al sector de la nutrici\u00f3n y de la fitoterapia, organizados con el soporte de los referentes regionales;<br \/>\nc) la creaci\u00f3n de grupos de estudio sobre argumentos de inter\u00e9s para la asociaci\u00f3n;<br \/>\nd) la promoci\u00f3n y difusi\u00f3n del conocimiento y de nuevas informaciones a trav\u00e9s de publicaciones cient\u00edficas, un servicio de newsletter y el sitio oficial de ISDSP.<\/p>\n<p>Todo profesional que comparta y soporte los objetivos de la Asociaci\u00f3n y desee formar parte de ella, puede solicitar la adhesi\u00f3n y beneficiar de muchas ventajas, como el servicio de newsletter informativo sobre los acontecimientos de la Asociaci\u00f3n y la suscripci\u00f3n gratuita a la revista cient\u00edfica Phitogynecea.<\/p>\n<p>[\/et_pb_text][\/et_pb_column][\/et_pb_row][et_pb_row _builder_version=\u00bb3.7&#8243;][et_pb_column type=\u00bb4_4&#8243;][et_pb_button button_url=\u00bb\/es\/como-asociarse\/\u00bb button_text=\u00bb\u00bfC\u00f3mo asociarse?\u00bb _builder_version=\u00bb3.9&#8243; custom_button=\u00bbon\u00bb button_text_size=\u00bb15&#8243; button_bg_color=\u00bb#559c32&#8243; button_border_radius=\u00bb2&#8243; button_bg_color_hover=\u00bb#878787&#8243; button_border_radius_hover=\u00bb2&#8243; background_layout=\u00bbdark\u00bb custom_margin=\u00bb2px||2px|\u00bb saved_tabs=\u00bball\u00bb \/][\/et_pb_column][\/et_pb_row][\/et_pb_section]<\/p>\n","protected":false},"excerpt":{"rendered":"<p>\u00bfPor qu\u00e9 asociarse? ISDSP es una de las primeras Asociaciones del mundo que incorpora todas las disciplinas interesadas en la difusi\u00f3n del conocimiento sobre el uso correcto de los complementos alimenticios y fitoter\u00e1picos en r\u00e9gimen, salud y medicina. ISDSP ofrece una oportunidad de networking \u00fanica, sobre todo gracias a las numerosas actividades y acontecimientos que [&hellip;]<\/p>\n","protected":false},"author":1,"featured_media":0,"parent":0,"menu_order":0,"comment_status":"closed","ping_status":"closed","template":"","meta":{"_et_pb_use_builder":"on","_et_pb_old_content":"ISDSP is one of the first organizations worldwide to incorporate all disciplines interested in promoting the correct the use of dietary supplements and phytotherapy in the diet, health, and medicine.\r\n\r\nISDSP offers to affiliates a unique networking opportunity thanks to the organization of several activities and event, including:\r\n\r\na) the International Congress, which is held once a year in n different geographic regions of the world;\r\nb) educational courses on subjects related to dietary supplements and phytotherapy supported by Regional Contacts\r\nc) the creation of study groups on topics of particular interest;\r\nd) the promotion and dissemination of knowledge and information in scientific publications, and by newsletters and the internet via the official ISDSP's website.\r\n\r\nAny individual professional who supports the goals and purposes of the Society may become a full member of the Society by <a href=\"https:\/\/www.isdsp.it\/en\/how-to-join\/\">submitting a request<\/a>. Members will have the chance to take part of all ISDSP's activities and receive for free the scientific magazine Phitogynecea.","_et_gb_content_width":""},"_links":{"self":[{"href":"https:\/\/isdsp.it\/es\/wp-json\/wp\/v2\/pages\/2297"}],"collection":[{"href":"https:\/\/isdsp.it\/es\/wp-json\/wp\/v2\/pages"}],"about":[{"href":"https:\/\/isdsp.it\/es\/wp-json\/wp\/v2\/types\/page"}],"author":[{"embeddable":true,"href":"https:\/\/isdsp.it\/es\/wp-json\/wp\/v2\/users\/1"}],"replies":[{"embeddable":true,"href":"https:\/\/isdsp.it\/es\/wp-json\/wp\/v2\/comments?post=2297"}],"version-history":[{"count":4,"href":"https:\/\/isdsp.it\/es\/wp-json\/wp\/v2\/pages\/2297\/revisions"}],"predecessor-version":[{"id":2304,"href":"https:\/\/isdsp.it\/es\/wp-json\/wp\/v2\/pages\/2297\/revisions\/2304"}],"wp:attachment":[{"href":"https:\/\/isdsp.it\/es\/wp-json\/wp\/v2\/media?parent=2297"}],"curies":[{"name":"wp","href":"https:\/\/api.w.org\/{rel}","templated":true}]}}