{"id":2162,"date":"2018-06-11T17:19:30","date_gmt":"2018-06-11T15:19:30","guid":{"rendered":"http:\/\/isdsp.it\/?page_id=2162"},"modified":"2019-01-11T15:28:07","modified_gmt":"2019-01-11T14:28:07","slug":"nuestra-mision","status":"publish","type":"page","link":"https:\/\/isdsp.it\/es\/nuestra-mision\/","title":{"rendered":"La Nostra Mission"},"content":{"rendered":"<p>[et_pb_section bb_built=\u00bb1&#8243; _builder_version=\u00bb3.0.47&#8243;][et_pb_row _builder_version=\u00bb3.0.48&#8243; background_size=\u00bbinitial\u00bb background_position=\u00bbtop_left\u00bb background_repeat=\u00bbrepeat\u00bb][et_pb_column type=\u00bb4_4&#8243;][et_pb_text _builder_version=\u00bb3.9&#8243; background_size=\u00bbinitial\u00bb background_position=\u00bbtop_left\u00bb background_repeat=\u00bbrepeat\u00bb]<\/p>\n<h1 class=\"entry-title main_title\">Nuestra misi\u00f3n<\/h1>\n<div class=\"et_pb_module et_pb_text et_pb_text_0 et_pb_bg_layout_light  et_pb_text_align_left\">\n<div class=\"et_pb_text_inner\">\n<p><strong>Con ocasi\u00f3n del 10\u00b0 aniversario de su fundaci\u00f3n, la Sifiog (Sociedad Italiana de Fitoterapia y Complementos en Obstetricia y Ginecolog\u00eda) aprovecha la ocasi\u00f3n para crecer, transform\u00e1ndose en una Asociaci\u00f3n Internacional que desea mirar m\u00e1s all\u00e1 de las fronteras regionales. Fundada en Roma, la International Society of Dietary Supplements and Phytotherapy (ISDSP)<\/strong>\u00a0se propone reunir grupos de personas especializadas en una Asociaci\u00f3n internacional e interdisciplinaria para\u00a0<strong>promover el uso correcto de complementos alimenticios y fitoter\u00e1picos en el r\u00e9gimen diario y en la pr\u00e1ctica cl\u00ednica.<\/strong><\/p>\n<p><strong>Retomando los fundamentos de independencia y \u00e9tica que caracterizan a Sifiog<\/strong>, desde siempre un punto de referencia para m\u00e9dicos, bi\u00f3logos e investigadores interesados en profundizar el estudio de los efectos de fitoter\u00e1picos y complementos alimenticios sobre la salud de las personas,\u00a0<strong>ISDSP comparte sus mismos objetivos y finalidades, promoviendo el uso adecuado de los complementos alimenticios y de la fitoterapia en el r\u00e9gimen diario, En el cuidado de la salud y en la medicina para el bienestar p\u00fablico.<\/strong><\/p>\n<p>Los principales objetivos de la Asociaci\u00f3n son los siguientes:<\/p>\n<p>(i) Promoci\u00f3n y difusi\u00f3n de estudios y conocimientos con relaci\u00f3n a todos los aspectos vinculados al uso de complementos alimenticios y fitoterapia en el r\u00e9gimen y en la medicina, con el objeto de obtener, mediante los medios apropiados, un nivel m\u00e1s alto de salud general.<\/p>\n<p>(ii) Propuesta de L\u00edneas Gu\u00eda y Est\u00e1ndar para la preparaci\u00f3n y el uso de complementos alimenticios y fitoterapia con el objeto de promover un nivel m\u00e1s alto de salud general.<\/p>\n<p>(iii) Promoci\u00f3n de colaboraciones interdisciplinarias entre las personas involucradas en el uso de complementos alimenticios y de la fitoterapia en medicina y en el cuidado de la salud personal.<\/p>\n<p>(iv) Promoci\u00f3n de colaboraciones con las empresas involucradas en el desarrollo de complementos alimenticios, f\u00e1rmacos fitoter\u00e1picos y dispositivos m\u00e9dicos (ensayos cl\u00ednicos, experiencias, dossier, formulaciones de f\u00e1rmacos, protocolos de tratamiento, etc.)<\/p>\n<\/div>\n<\/div>\n<div class=\"et_pb_module et_pb_gallery et_pb_gallery_0 et_pb_bg_layout_light  et_pb_gallery_grid\">\n<div class=\"et_pb_gallery_items et_post_gallery clearfix\" data-per_page=\"9\">\n<div class=\"et_pb_gallery_item et_pb_grid_item et_pb_bg_layout_light\"><\/div>\n<\/div>\n<\/div>\n<p>[\/et_pb_text][et_pb_gallery _builder_version=\u00bb3.9&#8243; gallery_ids=\u00bb1286,1287,1288,1289,1290,1291,1292,1293,1294,1773,1777,1779,1781,1785,1787,1790&#8243; zoom_icon_color=\u00bb#2ea3f2&#8243; hover_overlay_color=\u00bbrgba(255,255,255,0.9)\u00bb posts_number=\u00bb24&#8243; show_title_and_caption=\u00bboff\u00bb show_pagination=\u00bboff\u00bb \/][\/et_pb_column][\/et_pb_row][\/et_pb_section]<\/p>\n","protected":false},"excerpt":{"rendered":"<p>Nuestra misi\u00f3n Con ocasi\u00f3n del 10\u00b0 aniversario de su fundaci\u00f3n, la Sifiog (Sociedad Italiana de Fitoterapia y Complementos en Obstetricia y Ginecolog\u00eda) aprovecha la ocasi\u00f3n para crecer, transform\u00e1ndose en una Asociaci\u00f3n Internacional que desea mirar m\u00e1s all\u00e1 de las fronteras regionales. Fundada en Roma, la International Society of Dietary Supplements and Phytotherapy (ISDSP)\u00a0se propone reunir [&hellip;]<\/p>\n","protected":false},"author":1,"featured_media":0,"parent":0,"menu_order":0,"comment_status":"closed","ping_status":"closed","template":"","meta":{"_et_pb_use_builder":"on","_et_pb_old_content":"<strong>On the occasion of the 10th anniversary from its foundation, the Sifiog (Societ\u00e0 Italiana di Fitoterapia ed Integratori in Ostetricia e Ginecologia) becomes a new, international Association that looks beyond the regional boarders.<\/strong> Founded in Rome,<strong> the International Society of Dietary Supplements and Phytotherapy (ISDSP) aims at bringing groups and individuals together within an international, multi-professional organization to promote \u2013 on a non-profit basis \u2013 the science of the use of dietary supplements and herb remedies in diet, health, and medicine for everyone\u2019s benefit.<\/strong>\r\n\r\nAmong the ISDSP\u2019s main goals and activities there are:\r\n\r\n\u2022\tpromoting and disseminating the study, research and knowledge on all aspects of utilization of dietary supplements and phytotherapy in human diet and medicine, in order to attain, by all appropriate means, a higher level of health benefits;\r\n\r\n\u2022\tproposing guidelines and standardizing criteria for preparation and use of dietary supplements and phytotherapy for the benefit of health;  \r\n\r\n\u2022\tfostering collaboration between the various disciplines interested in the use of dietary supplements and phytotherapy in medicine and individual health;\r\n\r\n\u2022\torganizing national and international educational courses on subjects of research and practice in the field;\r\n\r\n\u2022\tcreating and supporting study groups on topics of particular interest;\r\n\r\n\u2022\tpromoting and facilitating the dissemination of knowledge and information especially by scientific publications, and by newsletters and a dedicated website;\r\n\r\n\u2022\tappointing working parties to co-ordinate multicentre clinical trials;\r\n\r\n\u2022\tpromoting internationally agreed on definitions, terminologies, and methodologies;\r\n\r\n\u2022\trepresenting the interests of its membership in international public and private organizations whose aims are consistent with the purposes of the Society.","_et_gb_content_width":""},"_links":{"self":[{"href":"https:\/\/isdsp.it\/es\/wp-json\/wp\/v2\/pages\/2162"}],"collection":[{"href":"https:\/\/isdsp.it\/es\/wp-json\/wp\/v2\/pages"}],"about":[{"href":"https:\/\/isdsp.it\/es\/wp-json\/wp\/v2\/types\/page"}],"author":[{"embeddable":true,"href":"https:\/\/isdsp.it\/es\/wp-json\/wp\/v2\/users\/1"}],"replies":[{"embeddable":true,"href":"https:\/\/isdsp.it\/es\/wp-json\/wp\/v2\/comments?post=2162"}],"version-history":[{"count":8,"href":"https:\/\/isdsp.it\/es\/wp-json\/wp\/v2\/pages\/2162\/revisions"}],"predecessor-version":[{"id":2370,"href":"https:\/\/isdsp.it\/es\/wp-json\/wp\/v2\/pages\/2162\/revisions\/2370"}],"wp:attachment":[{"href":"https:\/\/isdsp.it\/es\/wp-json\/wp\/v2\/media?parent=2162"}],"curies":[{"name":"wp","href":"https:\/\/api.w.org\/{rel}","templated":true}]}}