{"id":2798,"date":"2018-07-30T15:55:56","date_gmt":"2018-07-30T13:55:56","guid":{"rendered":"http:\/\/isdsp.it\/ijmdat\/"},"modified":"2018-08-07T12:14:51","modified_gmt":"2018-08-07T10:14:51","slug":"ijmdat","status":"publish","type":"page","link":"https:\/\/isdsp.it\/ar\/ijmdat\/","title":{"rendered":"IJMDAT"},"content":{"rendered":"<p>[et_pb_section bb_built=&#8221;1&#8243;][et_pb_row][et_pb_column type=&#8221;3_4&#8243;][et_pb_text _builder_version=&#8221;3.9&#8243;]<\/p>\n<h1 class=\"entry-title main_title\">International Journal of Medical Device and Adjuvant Treatments<\/h1>\n<p>[\/et_pb_text][\/et_pb_column][et_pb_column type=&#8221;1_4&#8243;][\/et_pb_column][\/et_pb_row][et_pb_row][et_pb_column type=&#8221;2_3&#8243;][et_pb_text _builder_version=&#8221;3.9&#8243;]<\/p>\n<p>El<a href=\"http:\/\/www.ijmdat.com\/\" target=\"_blank\" rel=\"noopener\"> International Journal of Medical Device and Adjuvant Treatments<\/a> es la revista cient\u00edfica cuatrimestral destinada a la comunidad m\u00e9dica, que propone resultados siempre actualizados sobre investigaciones cl\u00ednicas y b\u00e1sicas (investigaciones b\u00e1sicas, prevenci\u00f3n, salud p\u00fablica, aspectos farmacol\u00f3gicos y farmacogen\u00f3micos, tratamientos, aspectos innovadores concernientes a diagn\u00f3sticos, patolog\u00edas y estudios experimentales precl\u00ednicos y cl\u00ednicos), relativos a la utilizaci\u00f3n y el desarrollo de dispositivos m\u00e9dicos y tratamientos coadyuvantes.<\/p>\n<p>[\/et_pb_text][\/et_pb_column][et_pb_column type=&#8221;1_3&#8243;][et_pb_image _builder_version=&#8221;3.9&#8243; src=&#8221;https:\/\/www.isdsp.it\/wp-content\/uploads\/2018\/07\/IJMDAT.jpg&#8221; url=&#8221;http:\/\/www.ijmdat.com\/&#8221; url_new_window=&#8221;on&#8221; border_width_all=&#8221;1px&#8221; \/][\/et_pb_column][\/et_pb_row][\/et_pb_section]<\/p>\n","protected":false},"excerpt":{"rendered":"<p><div class=\"et_pb_row et_pb_row_0 et_pb_row_empty\">\n\t\t\t\t\n\t\t\t\t\n\t\t\t\t\n\t\t\t\t\n\t\t\t\t\n\t\t\t<\/div> International Journal of Medical Device and Adjuvant Treatments <div class=\"et_pb_row et_pb_row_1 et_pb_row_empty\">\n\t\t\t\t\n\t\t\t\t\n\t\t\t\t\n\t\t\t\t\n\t\t\t\t\n\t\t\t<\/div> El International Journal of Medical Device and Adjuvant Treatments es la revista cient\u00edfica cuatrimestral destinada a la comunidad m\u00e9dica, que propone resultados siempre actualizados sobre investigaciones cl\u00ednicas y b\u00e1sicas (investigaciones b\u00e1sicas, prevenci\u00f3n, salud p\u00fablica, aspectos farmacol\u00f3gicos y farmacogen\u00f3micos, tratamientos, aspectos innovadores concernientes a diagn\u00f3sticos, patolog\u00edas [&hellip;]<\/p>\n","protected":false},"author":1,"featured_media":0,"parent":0,"menu_order":0,"comment_status":"closed","ping_status":"closed","template":"","meta":{"_et_pb_use_builder":"on","_et_pb_old_content":"","_et_gb_content_width":""},"_links":{"self":[{"href":"https:\/\/isdsp.it\/ar\/wp-json\/wp\/v2\/pages\/2798"}],"collection":[{"href":"https:\/\/isdsp.it\/ar\/wp-json\/wp\/v2\/pages"}],"about":[{"href":"https:\/\/isdsp.it\/ar\/wp-json\/wp\/v2\/types\/page"}],"author":[{"embeddable":true,"href":"https:\/\/isdsp.it\/ar\/wp-json\/wp\/v2\/users\/1"}],"replies":[{"embeddable":true,"href":"https:\/\/isdsp.it\/ar\/wp-json\/wp\/v2\/comments?post=2798"}],"version-history":[{"count":2,"href":"https:\/\/isdsp.it\/ar\/wp-json\/wp\/v2\/pages\/2798\/revisions"}],"predecessor-version":[{"id":2879,"href":"https:\/\/isdsp.it\/ar\/wp-json\/wp\/v2\/pages\/2798\/revisions\/2879"}],"wp:attachment":[{"href":"https:\/\/isdsp.it\/ar\/wp-json\/wp\/v2\/media?parent=2798"}],"curies":[{"name":"wp","href":"https:\/\/api.w.org\/{rel}","templated":true}]}}